{"id":9599,"date":"2019-12-23T14:48:39","date_gmt":"2019-12-23T14:48:39","guid":{"rendered":"https:\/\/musik.a-z-translation.com\/?page_id=9599"},"modified":"2020-01-04T11:38:58","modified_gmt":"2020-01-04T11:38:58","slug":"areas-de-especializacion-2","status":"publish","type":"page","link":"https:\/\/www.a-z-translations.com\/es\/servicios\/areas-de-especializacion-2\/","title":{"rendered":"\u00c1reas de especializaci\u00f3n"},"content":{"rendered":"\t\t<div data-elementor-type=\"wp-page\" data-elementor-id=\"9599\" class=\"elementor elementor-9599\" data-elementor-post-type=\"page\">\n\t\t\t\t\t\t<section class=\"elementor-section elementor-top-section elementor-element elementor-element-57a8c257 elementor-section-boxed elementor-section-height-default elementor-section-height-default\" data-id=\"57a8c257\" data-element_type=\"section\">\n\t\t\t\t\t\t<div class=\"elementor-container elementor-column-gap-default\">\n\t\t\t\t\t<div class=\"elementor-column elementor-col-33 elementor-top-column elementor-element elementor-element-53070fcc\" data-id=\"53070fcc\" data-element_type=\"column\" data-settings=\"{&quot;background_background&quot;:&quot;classic&quot;}\">\n\t\t\t<div class=\"elementor-widget-wrap elementor-element-populated\">\n\t\t\t\t\t\t<div class=\"elementor-element elementor-element-44f6d566 elementor-widget elementor-widget-image\" data-id=\"44f6d566\" data-element_type=\"widget\" data-widget_type=\"image.default\">\n\t\t\t\t<div class=\"elementor-widget-container\">\n\t\t\t\t\t\t\t\t\t\t\t\t\t<img fetchpriority=\"high\" decoding=\"async\" width=\"400\" height=\"314\" src=\"https:\/\/www.a-z-translations.com\/wp-content\/uploads\/2019\/12\/IMG_05942.jpg\" class=\"attachment-large size-large wp-image-8085\" alt=\"Anke Betz\" srcset=\"https:\/\/www.a-z-translations.com\/wp-content\/uploads\/2019\/12\/IMG_05942.jpg 400w, https:\/\/www.a-z-translations.com\/wp-content\/uploads\/2019\/12\/IMG_05942-300x236.jpg 300w\" sizes=\"(max-width: 400px) 100vw, 400px\" \/>\t\t\t\t\t\t\t\t\t\t\t\t\t<\/div>\n\t\t\t\t<\/div>\n\t\t\t\t<div class=\"elementor-element elementor-element-4861c2a9 elementor-widget elementor-widget-heading\" data-id=\"4861c2a9\" data-element_type=\"widget\" data-widget_type=\"heading.default\">\n\t\t\t\t<div class=\"elementor-widget-container\">\n\t\t\t<h4 class=\"elementor-heading-title elementor-size-default\">Servicios<\/h4>\t\t<\/div>\n\t\t\t\t<\/div>\n\t\t\t\t<div class=\"elementor-element elementor-element-e5f807f elementor-icon-list--layout-traditional elementor-list-item-link-full_width elementor-widget elementor-widget-icon-list\" data-id=\"e5f807f\" data-element_type=\"widget\" data-widget_type=\"icon-list.default\">\n\t\t\t\t<div class=\"elementor-widget-container\">\n\t\t\t\t\t<ul class=\"elementor-icon-list-items\">\n\t\t\t\t\t\t\t<li class=\"elementor-icon-list-item\">\n\t\t\t\t\t\t\t\t\t\t\t<a href=\"https:\/\/musik.a-z-translation.com\/servicios\/traducciones\/?lang=es\">\n\n\t\t\t\t\t\t\t\t\t\t\t\t<span class=\"elementor-icon-list-icon\">\n\t\t\t\t\t\t\t<i aria-hidden=\"true\" class=\"fas fa-check\"><\/i>\t\t\t\t\t\t<\/span>\n\t\t\t\t\t\t\t\t\t\t<span class=\"elementor-icon-list-text\">Traducciones<\/span>\n\t\t\t\t\t\t\t\t\t\t\t<\/a>\n\t\t\t\t\t\t\t\t\t<\/li>\n\t\t\t\t\t\t\t\t<li class=\"elementor-icon-list-item\">\n\t\t\t\t\t\t\t\t\t\t\t<a href=\"https:\/\/musik.a-z-translation.com\/servicios\/servicios-de-interpretacion\/?lang=es\">\n\n\t\t\t\t\t\t\t\t\t\t\t\t<span class=\"elementor-icon-list-icon\">\n\t\t\t\t\t\t\t<i aria-hidden=\"true\" class=\"fas fa-check\"><\/i>\t\t\t\t\t\t<\/span>\n\t\t\t\t\t\t\t\t\t\t<span class=\"elementor-icon-list-text\">Servicios de interpretaci\u00f3n<\/span>\n\t\t\t\t\t\t\t\t\t\t\t<\/a>\n\t\t\t\t\t\t\t\t\t<\/li>\n\t\t\t\t\t\t\t\t<li class=\"elementor-icon-list-item\">\n\t\t\t\t\t\t\t\t\t\t\t<a href=\"https:\/\/musik.a-z-translation.com\/servicios\/revision\/?lang=es\">\n\n\t\t\t\t\t\t\t\t\t\t\t\t<span class=\"elementor-icon-list-icon\">\n\t\t\t\t\t\t\t<i aria-hidden=\"true\" class=\"fas fa-check\"><\/i>\t\t\t\t\t\t<\/span>\n\t\t\t\t\t\t\t\t\t\t<span class=\"elementor-icon-list-text\">Revisi\u00f3n<\/span>\n\t\t\t\t\t\t\t\t\t\t\t<\/a>\n\t\t\t\t\t\t\t\t\t<\/li>\n\t\t\t\t\t\t\t\t<li class=\"elementor-icon-list-item\">\n\t\t\t\t\t\t\t\t\t\t\t<a href=\"https:\/\/musik.a-z-translation.com\/servicios\/idiomas\/?lang=es\">\n\n\t\t\t\t\t\t\t\t\t\t\t\t<span class=\"elementor-icon-list-icon\">\n\t\t\t\t\t\t\t<i aria-hidden=\"true\" class=\"fas fa-check\"><\/i>\t\t\t\t\t\t<\/span>\n\t\t\t\t\t\t\t\t\t\t<span class=\"elementor-icon-list-text\">Idiomas<\/span>\n\t\t\t\t\t\t\t\t\t\t\t<\/a>\n\t\t\t\t\t\t\t\t\t<\/li>\n\t\t\t\t\t\t\t\t<li class=\"elementor-icon-list-item\">\n\t\t\t\t\t\t\t\t\t\t\t<a href=\"https:\/\/musik.a-z-translation.com\/servicios\/areas-de-especializacion\/?lang=es\">\n\n\t\t\t\t\t\t\t\t\t\t\t\t<span class=\"elementor-icon-list-icon\">\n\t\t\t\t\t\t\t<i aria-hidden=\"true\" class=\"fas fa-check\"><\/i>\t\t\t\t\t\t<\/span>\n\t\t\t\t\t\t\t\t\t\t<span class=\"elementor-icon-list-text\">\u00c1reas de especializaci\u00f3n<\/span>\n\t\t\t\t\t\t\t\t\t\t\t<\/a>\n\t\t\t\t\t\t\t\t\t<\/li>\n\t\t\t\t\t\t<\/ul>\n\t\t\t\t<\/div>\n\t\t\t\t<\/div>\n\t\t\t\t\t<\/div>\n\t\t<\/div>\n\t\t\t\t<div class=\"elementor-column elementor-col-66 elementor-top-column elementor-element elementor-element-2a47f3f0\" data-id=\"2a47f3f0\" data-element_type=\"column\">\n\t\t\t<div class=\"elementor-widget-wrap elementor-element-populated\">\n\t\t\t\t\t\t<div class=\"elementor-element elementor-element-7a85febd elementor-widget elementor-widget-heading\" data-id=\"7a85febd\" data-element_type=\"widget\" data-widget_type=\"heading.default\">\n\t\t\t\t<div class=\"elementor-widget-container\">\n\t\t\t<h1 class=\"elementor-heading-title elementor-size-default\">\u00c1reas de especializaci\u00f3n<\/h1>\t\t<\/div>\n\t\t\t\t<\/div>\n\t\t\t\t<div class=\"elementor-element elementor-element-2bb0b31e elementor-widget elementor-widget-text-editor\" data-id=\"2bb0b31e\" data-element_type=\"widget\" data-widget_type=\"text-editor.default\">\n\t\t\t\t<div class=\"elementor-widget-container\">\n\t\t\t\t\t\t\t<p>Mis\u00a0<strong>\u00e1reas de especializaci\u00f3n<\/strong>\u00a0incluyen los siguientes temas:<\/p><h3>Econom\u00eda<\/h3><ul><li>reportes de negocios y balances<\/li><li>correspondencia comercial<\/li><li>documentaci\u00f3n de capacitaci\u00f3n<\/li><li>boletines informativos<\/li><li>presentaciones<\/li><li>extractos de registros comerciales<\/li><li>comunicaci\u00f3n interna de empresas (memorandums etc.)<\/li><li>folletos y panfletos<\/li><li>buzoneos y correos electr\u00f3nicos<\/li><li>textos de prensa<\/li><li>perfiles de empresas<\/li><li>p\u00e1ginas de Internet<\/li><\/ul><h3>Tecnolog\u00eda<\/h3><ul><li>manuales<\/li><li>instrucciones de servicio<\/li><li>documentaci\u00f3n de aseguramiento de la calidad<\/li><\/ul><p>As\u00ed mismo cuento con experiencia en el \u00e1mbito de traducciones generales t\u00e9cnicas as\u00ed como de turismo.<\/p><p>\u00bfNecesita una traducci\u00f3n en otro \u00e1mbito? \u00a1Simplemente preg\u00fanteme!<\/p>\t\t\t\t\t\t<\/div>\n\t\t\t\t<\/div>\n\t\t\t\t\t<\/div>\n\t\t<\/div>\n\t\t\t\t\t<\/div>\n\t\t<\/section>\n\t\t\t\t<\/div>\n\t\t","protected":false},"excerpt":{"rendered":"<p>Servicios Traducciones Servicios de interpretaci\u00f3n Revisi\u00f3n Idiomas \u00c1reas de especializaci\u00f3n \u00c1reas de especializaci\u00f3n Mis\u00a0\u00e1reas de especializaci\u00f3n\u00a0incluyen los siguientes temas: Econom\u00eda reportes de negocios y balances correspondencia comercial documentaci\u00f3n de capacitaci\u00f3n boletines informativos presentaciones extractos de registros comerciales comunicaci\u00f3n interna de empresas (memorandums etc.) folletos y panfletos buzoneos y correos electr\u00f3nicos textos de prensa perfiles de [&hellip;]<\/p>\n","protected":false},"author":2,"featured_media":0,"parent":9332,"menu_order":0,"comment_status":"closed","ping_status":"closed","template":"elementor_header_footer","meta":{"om_disable_all_campaigns":false,"jetpack_post_was_ever_published":false,"footnotes":""},"class_list":["post-9599","page","type-page","status-publish","hentry","entry"],"aioseo_notices":[],"jetpack_sharing_enabled":true,"_links":{"self":[{"href":"https:\/\/www.a-z-translations.com\/es\/wp-json\/wp\/v2\/pages\/9599"}],"collection":[{"href":"https:\/\/www.a-z-translations.com\/es\/wp-json\/wp\/v2\/pages"}],"about":[{"href":"https:\/\/www.a-z-translations.com\/es\/wp-json\/wp\/v2\/types\/page"}],"author":[{"embeddable":true,"href":"https:\/\/www.a-z-translations.com\/es\/wp-json\/wp\/v2\/users\/2"}],"replies":[{"embeddable":true,"href":"https:\/\/www.a-z-translations.com\/es\/wp-json\/wp\/v2\/comments?post=9599"}],"version-history":[{"count":2,"href":"https:\/\/www.a-z-translations.com\/es\/wp-json\/wp\/v2\/pages\/9599\/revisions"}],"predecessor-version":[{"id":11284,"href":"https:\/\/www.a-z-translations.com\/es\/wp-json\/wp\/v2\/pages\/9599\/revisions\/11284"}],"up":[{"embeddable":true,"href":"https:\/\/www.a-z-translations.com\/es\/wp-json\/wp\/v2\/pages\/9332"}],"wp:attachment":[{"href":"https:\/\/www.a-z-translations.com\/es\/wp-json\/wp\/v2\/media?parent=9599"}],"curies":[{"name":"wp","href":"https:\/\/api.w.org\/{rel}","templated":true}]}}