{"id":9443,"date":"2019-12-22T19:08:58","date_gmt":"2019-12-22T19:08:58","guid":{"rendered":"https:\/\/webweiden.de\/?page_id=9443"},"modified":"2021-02-11T21:43:11","modified_gmt":"2021-02-11T20:43:11","slug":"idiomas","status":"publish","type":"page","link":"https:\/\/www.a-z-translations.com\/es\/servicios\/idiomas\/","title":{"rendered":"Idiomas"},"content":{"rendered":"\t\t<div data-elementor-type=\"wp-page\" data-elementor-id=\"9443\" class=\"elementor elementor-9443\" data-elementor-post-type=\"page\">\n\t\t\t\t\t\t<section class=\"elementor-section elementor-top-section elementor-element elementor-element-1446169c elementor-section-boxed elementor-section-height-default elementor-section-height-default\" data-id=\"1446169c\" data-element_type=\"section\">\n\t\t\t\t\t\t<div class=\"elementor-container elementor-column-gap-default\">\n\t\t\t\t\t<div class=\"elementor-column elementor-col-33 elementor-top-column elementor-element elementor-element-6d9541e9\" data-id=\"6d9541e9\" data-element_type=\"column\" data-settings=\"{&quot;background_background&quot;:&quot;classic&quot;}\">\n\t\t\t<div class=\"elementor-widget-wrap elementor-element-populated\">\n\t\t\t\t\t\t<div class=\"elementor-element elementor-element-6a743eee elementor-widget elementor-widget-image\" data-id=\"6a743eee\" data-element_type=\"widget\" data-widget_type=\"image.default\">\n\t\t\t\t<div class=\"elementor-widget-container\">\n\t\t\t\t\t\t\t\t\t\t\t\t\t<img fetchpriority=\"high\" decoding=\"async\" width=\"600\" height=\"952\" src=\"https:\/\/www.a-z-translations.com\/wp-content\/uploads\/DSC2910.jpg\" class=\"attachment-large size-large wp-image-12371\" alt=\"Anke Betz A-Z Translations\" srcset=\"https:\/\/www.a-z-translations.com\/wp-content\/uploads\/DSC2910.jpg 600w, https:\/\/www.a-z-translations.com\/wp-content\/uploads\/DSC2910-189x300.jpg 189w\" sizes=\"(max-width: 600px) 100vw, 600px\" \/>\t\t\t\t\t\t\t\t\t\t\t\t\t<\/div>\n\t\t\t\t<\/div>\n\t\t\t\t<div class=\"elementor-element elementor-element-5e17c3f9 elementor-widget elementor-widget-heading\" data-id=\"5e17c3f9\" data-element_type=\"widget\" data-widget_type=\"heading.default\">\n\t\t\t\t<div class=\"elementor-widget-container\">\n\t\t\t<h4 class=\"elementor-heading-title elementor-size-default\">Servicios<\/h4>\t\t<\/div>\n\t\t\t\t<\/div>\n\t\t\t\t<div class=\"elementor-element elementor-element-dbe2833 elementor-icon-list--layout-traditional elementor-list-item-link-full_width elementor-widget elementor-widget-global elementor-global-13919 elementor-widget-icon-list\" data-id=\"dbe2833\" data-element_type=\"widget\" data-widget_type=\"icon-list.default\">\n\t\t\t\t<div class=\"elementor-widget-container\">\n\t\t\t\t\t<ul class=\"elementor-icon-list-items\">\n\t\t\t\t\t\t\t<li class=\"elementor-icon-list-item\">\n\t\t\t\t\t\t\t\t\t\t\t<a href=\"https:\/\/www.a-z-translations.com\/es\/servicios\/traducciones\/\">\n\n\t\t\t\t\t\t\t\t\t\t\t\t<span class=\"elementor-icon-list-icon\">\n\t\t\t\t\t\t\t<i aria-hidden=\"true\" class=\"fas fa-check\"><\/i>\t\t\t\t\t\t<\/span>\n\t\t\t\t\t\t\t\t\t\t<span class=\"elementor-icon-list-text\">Traducciones<\/span>\n\t\t\t\t\t\t\t\t\t\t\t<\/a>\n\t\t\t\t\t\t\t\t\t<\/li>\n\t\t\t\t\t\t\t\t<li class=\"elementor-icon-list-item\">\n\t\t\t\t\t\t\t\t\t\t\t<a href=\"https:\/\/www.a-z-translations.com\/es\/servicios\/servicios-de-interpretacion\/\">\n\n\t\t\t\t\t\t\t\t\t\t\t\t<span class=\"elementor-icon-list-icon\">\n\t\t\t\t\t\t\t<i aria-hidden=\"true\" class=\"fas fa-check\"><\/i>\t\t\t\t\t\t<\/span>\n\t\t\t\t\t\t\t\t\t\t<span class=\"elementor-icon-list-text\">Servicios de interpretaci\u00f3n<\/span>\n\t\t\t\t\t\t\t\t\t\t\t<\/a>\n\t\t\t\t\t\t\t\t\t<\/li>\n\t\t\t\t\t\t\t\t<li class=\"elementor-icon-list-item\">\n\t\t\t\t\t\t\t\t\t\t\t<a href=\"https:\/\/www.a-z-translations.com\/es\/servicios\/revision\/\">\n\n\t\t\t\t\t\t\t\t\t\t\t\t<span class=\"elementor-icon-list-icon\">\n\t\t\t\t\t\t\t<i aria-hidden=\"true\" class=\"fas fa-check\"><\/i>\t\t\t\t\t\t<\/span>\n\t\t\t\t\t\t\t\t\t\t<span class=\"elementor-icon-list-text\">Revisi\u00f3n<\/span>\n\t\t\t\t\t\t\t\t\t\t\t<\/a>\n\t\t\t\t\t\t\t\t\t<\/li>\n\t\t\t\t\t\t\t\t<li class=\"elementor-icon-list-item\">\n\t\t\t\t\t\t\t\t\t\t\t<a href=\"https:\/\/www.a-z-translations.com\/es\/servicios\/idiomas\/\">\n\n\t\t\t\t\t\t\t\t\t\t\t\t<span class=\"elementor-icon-list-icon\">\n\t\t\t\t\t\t\t<i aria-hidden=\"true\" class=\"fas fa-check\"><\/i>\t\t\t\t\t\t<\/span>\n\t\t\t\t\t\t\t\t\t\t<span class=\"elementor-icon-list-text\">Idiomas<\/span>\n\t\t\t\t\t\t\t\t\t\t\t<\/a>\n\t\t\t\t\t\t\t\t\t<\/li>\n\t\t\t\t\t\t\t\t<li class=\"elementor-icon-list-item\">\n\t\t\t\t\t\t\t\t\t\t\t<a href=\"https:\/\/www.a-z-translations.com\/es\/servicios\/areas-de-especializacion\/\">\n\n\t\t\t\t\t\t\t\t\t\t\t\t<span class=\"elementor-icon-list-icon\">\n\t\t\t\t\t\t\t<i aria-hidden=\"true\" class=\"fas fa-check\"><\/i>\t\t\t\t\t\t<\/span>\n\t\t\t\t\t\t\t\t\t\t<span class=\"elementor-icon-list-text\">\u00c1reas de especializaci\u00f3n<\/span>\n\t\t\t\t\t\t\t\t\t\t\t<\/a>\n\t\t\t\t\t\t\t\t\t<\/li>\n\t\t\t\t\t\t<\/ul>\n\t\t\t\t<\/div>\n\t\t\t\t<\/div>\n\t\t\t\t\t<\/div>\n\t\t<\/div>\n\t\t\t\t<div class=\"elementor-column elementor-col-66 elementor-top-column elementor-element elementor-element-5f853080\" data-id=\"5f853080\" data-element_type=\"column\">\n\t\t\t<div class=\"elementor-widget-wrap elementor-element-populated\">\n\t\t\t\t\t\t<div class=\"elementor-element elementor-element-1cfada04 elementor-widget elementor-widget-heading\" data-id=\"1cfada04\" data-element_type=\"widget\" data-widget_type=\"heading.default\">\n\t\t\t\t<div class=\"elementor-widget-container\">\n\t\t\t<h2 class=\"elementor-heading-title elementor-size-default\">Idiomas<\/h2>\t\t<\/div>\n\t\t\t\t<\/div>\n\t\t\t\t<div class=\"elementor-element elementor-element-781d4a17 elementor-widget elementor-widget-text-editor\" data-id=\"781d4a17\" data-element_type=\"widget\" data-widget_type=\"text-editor.default\">\n\t\t\t\t<div class=\"elementor-widget-container\">\n\t\t\t\t\t\t\t<div id=\"block-azt-page-title\"><p>Elaboro\u00a0<strong>traducciones\u00a0<\/strong>en las siguientes combinaciones de idiomas:<\/p><ul><li>alem\u00e1n &#8211; ingl\u00e9s<\/li><li>ingl\u00e9s &#8211; alem\u00e1n<\/li><li>espa\u00f1ol &#8211; alem\u00e1n<\/li><li>espa\u00f1ol &#8211; ingl\u00e9s<\/li><\/ul><p>Mis\u00a0<strong>servicios de interpretaci\u00f3n\u00a0<\/strong>se configuran como sigue:<\/p><ul><li>ingl\u00e9s &#8211; alem\u00e1n (interpretaci\u00f3n consecutiva y simult\u00e1nea)<\/li><li>alem\u00e1n &#8211; ingl\u00e9s (interpretaci\u00f3n consecutiva y simult\u00e1nea)<\/li><li>espa\u00f1ol &#8211; alem\u00e1n (interpretaci\u00f3n consecutiva, s\u00f3lamente en la oficina del registro civil )<\/li><li>alem\u00e1n &#8211; espa\u00f1ol (interpretaci\u00f3n consecutiva, s\u00f3lamente en la oficina del registro civil )<\/li><\/ul><p>Estoy a su disposici\u00f3n como\u00a0<strong>revisora \/ correctora<\/strong>\u00a0para ingl\u00e9s y alem\u00e1n.<\/p><\/div>\t\t\t\t\t\t<\/div>\n\t\t\t\t<\/div>\n\t\t\t\t\t<\/div>\n\t\t<\/div>\n\t\t\t\t\t<\/div>\n\t\t<\/section>\n\t\t\t\t<\/div>\n\t\t","protected":false},"excerpt":{"rendered":"<p>Servicios Traducciones Servicios de interpretaci\u00f3n Revisi\u00f3n Idiomas \u00c1reas de especializaci\u00f3n Idiomas Elaboro\u00a0traducciones\u00a0en las siguientes combinaciones de idiomas: alem\u00e1n &#8211; ingl\u00e9s ingl\u00e9s &#8211; alem\u00e1n espa\u00f1ol &#8211; alem\u00e1n espa\u00f1ol &#8211; ingl\u00e9s Mis\u00a0servicios de interpretaci\u00f3n\u00a0se configuran como sigue: ingl\u00e9s &#8211; alem\u00e1n (interpretaci\u00f3n consecutiva y simult\u00e1nea) alem\u00e1n &#8211; ingl\u00e9s (interpretaci\u00f3n consecutiva y simult\u00e1nea) espa\u00f1ol &#8211; alem\u00e1n (interpretaci\u00f3n consecutiva, s\u00f3lamente [&hellip;]<\/p>\n","protected":false},"author":2,"featured_media":0,"parent":9332,"menu_order":0,"comment_status":"closed","ping_status":"closed","template":"elementor_header_footer","meta":{"om_disable_all_campaigns":false,"jetpack_post_was_ever_published":false,"footnotes":""},"class_list":["post-9443","page","type-page","status-publish","hentry","entry"],"aioseo_notices":[],"jetpack_sharing_enabled":true,"_links":{"self":[{"href":"https:\/\/www.a-z-translations.com\/es\/wp-json\/wp\/v2\/pages\/9443"}],"collection":[{"href":"https:\/\/www.a-z-translations.com\/es\/wp-json\/wp\/v2\/pages"}],"about":[{"href":"https:\/\/www.a-z-translations.com\/es\/wp-json\/wp\/v2\/types\/page"}],"author":[{"embeddable":true,"href":"https:\/\/www.a-z-translations.com\/es\/wp-json\/wp\/v2\/users\/2"}],"replies":[{"embeddable":true,"href":"https:\/\/www.a-z-translations.com\/es\/wp-json\/wp\/v2\/comments?post=9443"}],"version-history":[{"count":10,"href":"https:\/\/www.a-z-translations.com\/es\/wp-json\/wp\/v2\/pages\/9443\/revisions"}],"predecessor-version":[{"id":13941,"href":"https:\/\/www.a-z-translations.com\/es\/wp-json\/wp\/v2\/pages\/9443\/revisions\/13941"}],"up":[{"embeddable":true,"href":"https:\/\/www.a-z-translations.com\/es\/wp-json\/wp\/v2\/pages\/9332"}],"wp:attachment":[{"href":"https:\/\/www.a-z-translations.com\/es\/wp-json\/wp\/v2\/media?parent=9443"}],"curies":[{"name":"wp","href":"https:\/\/api.w.org\/{rel}","templated":true}]}}