{"id":9422,"date":"2019-12-22T18:29:36","date_gmt":"2019-12-22T18:29:36","guid":{"rendered":"https:\/\/webweiden.de\/?page_id=9422"},"modified":"2023-03-14T07:25:18","modified_gmt":"2023-03-14T06:25:18","slug":"servicios-de-interpretacion","status":"publish","type":"page","link":"https:\/\/www.a-z-translations.com\/es\/servicios\/servicios-de-interpretacion\/","title":{"rendered":"Servicios de interpretaci\u00f3n"},"content":{"rendered":"\t\t<div data-elementor-type=\"wp-page\" data-elementor-id=\"9422\" class=\"elementor elementor-9422\" data-elementor-post-type=\"page\">\n\t\t\t\t\t\t<section class=\"elementor-section elementor-top-section elementor-element elementor-element-52acfbde elementor-section-boxed elementor-section-height-default elementor-section-height-default\" data-id=\"52acfbde\" data-element_type=\"section\">\n\t\t\t\t\t\t<div class=\"elementor-container elementor-column-gap-default\">\n\t\t\t\t\t<div class=\"elementor-column elementor-col-33 elementor-top-column elementor-element elementor-element-7f30e4c0\" data-id=\"7f30e4c0\" data-element_type=\"column\" data-settings=\"{&quot;background_background&quot;:&quot;classic&quot;}\">\n\t\t\t<div class=\"elementor-widget-wrap elementor-element-populated\">\n\t\t\t\t\t\t<div class=\"elementor-element elementor-element-7b1b088c elementor-widget elementor-widget-image\" data-id=\"7b1b088c\" data-element_type=\"widget\" data-widget_type=\"image.default\">\n\t\t\t\t<div class=\"elementor-widget-container\">\n\t\t\t\t\t\t\t\t\t\t\t\t\t<img fetchpriority=\"high\" decoding=\"async\" width=\"459\" height=\"1024\" src=\"https:\/\/www.a-z-translations.com\/wp-content\/uploads\/DSC2929-459x1024.jpg\" class=\"attachment-large size-large wp-image-12367\" alt=\"\/usr\/local\/psa\/admin\/sbin\/mchk\" srcset=\"https:\/\/www.a-z-translations.com\/wp-content\/uploads\/DSC2929-459x1024.jpg 459w, https:\/\/www.a-z-translations.com\/wp-content\/uploads\/DSC2929-134x300.jpg 134w, https:\/\/www.a-z-translations.com\/wp-content\/uploads\/DSC2929.jpg 600w\" sizes=\"(max-width: 459px) 100vw, 459px\" \/>\t\t\t\t\t\t\t\t\t\t\t\t\t<\/div>\n\t\t\t\t<\/div>\n\t\t\t\t<div class=\"elementor-element elementor-element-56e3f3b1 elementor-widget elementor-widget-heading\" data-id=\"56e3f3b1\" data-element_type=\"widget\" data-widget_type=\"heading.default\">\n\t\t\t\t<div class=\"elementor-widget-container\">\n\t\t\t<h4 class=\"elementor-heading-title elementor-size-default\">Servicios<\/h4>\t\t<\/div>\n\t\t\t\t<\/div>\n\t\t\t\t<div class=\"elementor-element elementor-element-4dd024c elementor-icon-list--layout-traditional elementor-list-item-link-full_width elementor-widget elementor-widget-global elementor-global-13919 elementor-widget-icon-list\" data-id=\"4dd024c\" data-element_type=\"widget\" data-widget_type=\"icon-list.default\">\n\t\t\t\t<div class=\"elementor-widget-container\">\n\t\t\t\t\t<ul class=\"elementor-icon-list-items\">\n\t\t\t\t\t\t\t<li class=\"elementor-icon-list-item\">\n\t\t\t\t\t\t\t\t\t\t\t<a href=\"https:\/\/www.a-z-translations.com\/es\/servicios\/traducciones\/\">\n\n\t\t\t\t\t\t\t\t\t\t\t\t<span class=\"elementor-icon-list-icon\">\n\t\t\t\t\t\t\t<i aria-hidden=\"true\" class=\"fas fa-check\"><\/i>\t\t\t\t\t\t<\/span>\n\t\t\t\t\t\t\t\t\t\t<span class=\"elementor-icon-list-text\">Traducciones<\/span>\n\t\t\t\t\t\t\t\t\t\t\t<\/a>\n\t\t\t\t\t\t\t\t\t<\/li>\n\t\t\t\t\t\t\t\t<li class=\"elementor-icon-list-item\">\n\t\t\t\t\t\t\t\t\t\t\t<a href=\"https:\/\/www.a-z-translations.com\/es\/servicios\/servicios-de-interpretacion\/\">\n\n\t\t\t\t\t\t\t\t\t\t\t\t<span class=\"elementor-icon-list-icon\">\n\t\t\t\t\t\t\t<i aria-hidden=\"true\" class=\"fas fa-check\"><\/i>\t\t\t\t\t\t<\/span>\n\t\t\t\t\t\t\t\t\t\t<span class=\"elementor-icon-list-text\">Servicios de interpretaci\u00f3n<\/span>\n\t\t\t\t\t\t\t\t\t\t\t<\/a>\n\t\t\t\t\t\t\t\t\t<\/li>\n\t\t\t\t\t\t\t\t<li class=\"elementor-icon-list-item\">\n\t\t\t\t\t\t\t\t\t\t\t<a href=\"https:\/\/www.a-z-translations.com\/es\/servicios\/revision\/\">\n\n\t\t\t\t\t\t\t\t\t\t\t\t<span class=\"elementor-icon-list-icon\">\n\t\t\t\t\t\t\t<i aria-hidden=\"true\" class=\"fas fa-check\"><\/i>\t\t\t\t\t\t<\/span>\n\t\t\t\t\t\t\t\t\t\t<span class=\"elementor-icon-list-text\">Revisi\u00f3n<\/span>\n\t\t\t\t\t\t\t\t\t\t\t<\/a>\n\t\t\t\t\t\t\t\t\t<\/li>\n\t\t\t\t\t\t\t\t<li class=\"elementor-icon-list-item\">\n\t\t\t\t\t\t\t\t\t\t\t<a href=\"https:\/\/www.a-z-translations.com\/es\/servicios\/idiomas\/\">\n\n\t\t\t\t\t\t\t\t\t\t\t\t<span class=\"elementor-icon-list-icon\">\n\t\t\t\t\t\t\t<i aria-hidden=\"true\" class=\"fas fa-check\"><\/i>\t\t\t\t\t\t<\/span>\n\t\t\t\t\t\t\t\t\t\t<span class=\"elementor-icon-list-text\">Idiomas<\/span>\n\t\t\t\t\t\t\t\t\t\t\t<\/a>\n\t\t\t\t\t\t\t\t\t<\/li>\n\t\t\t\t\t\t\t\t<li class=\"elementor-icon-list-item\">\n\t\t\t\t\t\t\t\t\t\t\t<a href=\"https:\/\/www.a-z-translations.com\/es\/servicios\/areas-de-especializacion\/\">\n\n\t\t\t\t\t\t\t\t\t\t\t\t<span class=\"elementor-icon-list-icon\">\n\t\t\t\t\t\t\t<i aria-hidden=\"true\" class=\"fas fa-check\"><\/i>\t\t\t\t\t\t<\/span>\n\t\t\t\t\t\t\t\t\t\t<span class=\"elementor-icon-list-text\">\u00c1reas de especializaci\u00f3n<\/span>\n\t\t\t\t\t\t\t\t\t\t\t<\/a>\n\t\t\t\t\t\t\t\t\t<\/li>\n\t\t\t\t\t\t<\/ul>\n\t\t\t\t<\/div>\n\t\t\t\t<\/div>\n\t\t\t\t\t<\/div>\n\t\t<\/div>\n\t\t\t\t<div class=\"elementor-column elementor-col-66 elementor-top-column elementor-element elementor-element-5e7a73e\" data-id=\"5e7a73e\" data-element_type=\"column\">\n\t\t\t<div class=\"elementor-widget-wrap elementor-element-populated\">\n\t\t\t\t\t\t<div class=\"elementor-element elementor-element-56654945 elementor-widget elementor-widget-heading\" data-id=\"56654945\" data-element_type=\"widget\" data-widget_type=\"heading.default\">\n\t\t\t\t<div class=\"elementor-widget-container\">\n\t\t\t<h2 class=\"elementor-heading-title elementor-size-default\">Servicios de interpretaci\u00f3n<\/h2>\t\t<\/div>\n\t\t\t\t<\/div>\n\t\t\t\t<div class=\"elementor-element elementor-element-53dcc805 elementor-widget elementor-widget-text-editor\" data-id=\"53dcc805\" data-element_type=\"widget\" data-widget_type=\"text-editor.default\">\n\t\t\t\t<div class=\"elementor-widget-container\">\n\t\t\t\t\t\t\t<p>Quien hasta ahora no ha tenido contacto con int\u00e9rpretes quiz\u00e1 no sepa que existen distintos tipos de interpretaci\u00f3n.<\/p><p>Probablemente, la m\u00e1s conocida es la\u00a0<strong>interpretaci\u00f3n simult\u00e1nea<\/strong>. Aqu\u00ed se trata, frecuentemente con ayuda de la t\u00e9cnica necesaria, de transferir lo hablado a la lengua (extranjera) correspondiente casi al un\u00edsono con el hablante, lo que evidentemente ayuda a reducir el tiempo requerido, sin embargo, es \u00e9ste el tipo de interpretaci\u00f3n con el mayor grado de dificultad.<\/p><p>Una variaci\u00f3n de este m\u00e9todo es la as\u00ed llamada\u00a0<strong>interpretaci\u00f3n susurrada<\/strong>, la cual no requiere de t\u00e9cnica alguna: el int\u00e9rprete se encuentra directamente detr\u00e1s de la persona para la que se est\u00e1 interpretando y transmite lo hablado en voz baja llevando un retraso m\u00ednimo.<\/p><p>Durante una sesi\u00f3n de\u00a0<strong>interpretaci\u00f3n consecutiva<\/strong>\u00a0habla primero una persona, acto seguido traduce el int\u00e9rprete lo dicho, despu\u00e9s responde el interlocutor y en seguida traduce el int\u00e9rprete la respuesta, as\u00ed sucesivamente. Este m\u00e9todo se aplica sobre todo para negociaciones entre un n\u00famero reducido de personas o durante conversaciones, y es por eso que se le llama tambi\u00e9n\u00a0<strong>interpretaci\u00f3n de enlace o acompa\u00f1ante<\/strong>.<\/p><p>Como <strong>int\u00e9rprete certificada por el Estado alem\u00e1n, nombrada y jurada oficialmente por los cortes alemanes e int\u00e9rprete de conferencias VKD-Junior<\/strong> me es un placer interpretar para usted sus conferencias, conversaciones, seminarios, negociaciones (tambi\u00e9n por tel\u00e9fono), visitas a autoridades u otros eventos de negocios o privados en las siguientes combinaciones de idiomas:<\/p><ul><li><strong>ingl\u00e9s &#8211; alem\u00e1n\u00a0<\/strong>(interpretaci\u00f3n consecutiva y simult\u00e1nea)<\/li><li><strong>alem\u00e1n &#8211; ingl\u00e9s\u00a0<\/strong>(interpretaci\u00f3n consecutiva y simult\u00e1nea)<\/li><li><strong>espa\u00f1ol &#8211; alem\u00e1n\u00a0<\/strong>(interpretaci\u00f3n consecutiva, <span style=\"text-decoration: underline;\">s\u00f3lamente en la oficina del registro civil<\/span>)<\/li><li><strong>alem\u00e1n &#8211; espa\u00f1ol\u00a0<\/strong>(interpretaci\u00f3n consecutiva, <span style=\"text-decoration: underline;\">s\u00f3lamente en la oficina del registro civil<\/span>)<\/li><\/ul><p>Estoy a su disposici\u00f3n en toda la <strong>regi\u00f3n metropolitana de Nuremberg<\/strong>, pero por supuesto tambi\u00e9n m\u00e1s all\u00e1.<\/p><p>Dado que la planificaci\u00f3n de un servicio de interpretaci\u00f3n se basa en una proyecci\u00f3n muy individual, le ruego me\u00a0<a href=\"https:\/\/musik.a-z-translation.com\/es\/content\/contacto\">contacte<\/a>\u00a0lo antes posible para facilitar una preparaci\u00f3n espec\u00edfica y la organizaci\u00f3n previa de equipos t\u00e9cnicos eventualmente requeridos.<\/p>\t\t\t\t\t\t<\/div>\n\t\t\t\t<\/div>\n\t\t\t\t\t<\/div>\n\t\t<\/div>\n\t\t\t\t\t<\/div>\n\t\t<\/section>\n\t\t\t\t<\/div>\n\t\t","protected":false},"excerpt":{"rendered":"<p>Servicios Traducciones Servicios de interpretaci\u00f3n Revisi\u00f3n Idiomas \u00c1reas de especializaci\u00f3n Servicios de interpretaci\u00f3n Quien hasta ahora no ha tenido contacto con int\u00e9rpretes quiz\u00e1 no sepa que existen distintos tipos de interpretaci\u00f3n. Probablemente, la m\u00e1s conocida es la\u00a0interpretaci\u00f3n simult\u00e1nea. Aqu\u00ed se trata, frecuentemente con ayuda de la t\u00e9cnica necesaria, de transferir lo hablado a la lengua [&hellip;]<\/p>\n","protected":false},"author":2,"featured_media":0,"parent":9332,"menu_order":0,"comment_status":"closed","ping_status":"closed","template":"elementor_header_footer","meta":{"om_disable_all_campaigns":false,"jetpack_post_was_ever_published":false,"footnotes":""},"class_list":["post-9422","page","type-page","status-publish","hentry","entry"],"aioseo_notices":[],"jetpack_sharing_enabled":true,"_links":{"self":[{"href":"https:\/\/www.a-z-translations.com\/es\/wp-json\/wp\/v2\/pages\/9422"}],"collection":[{"href":"https:\/\/www.a-z-translations.com\/es\/wp-json\/wp\/v2\/pages"}],"about":[{"href":"https:\/\/www.a-z-translations.com\/es\/wp-json\/wp\/v2\/types\/page"}],"author":[{"embeddable":true,"href":"https:\/\/www.a-z-translations.com\/es\/wp-json\/wp\/v2\/users\/2"}],"replies":[{"embeddable":true,"href":"https:\/\/www.a-z-translations.com\/es\/wp-json\/wp\/v2\/comments?post=9422"}],"version-history":[{"count":10,"href":"https:\/\/www.a-z-translations.com\/es\/wp-json\/wp\/v2\/pages\/9422\/revisions"}],"predecessor-version":[{"id":15340,"href":"https:\/\/www.a-z-translations.com\/es\/wp-json\/wp\/v2\/pages\/9422\/revisions\/15340"}],"up":[{"embeddable":true,"href":"https:\/\/www.a-z-translations.com\/es\/wp-json\/wp\/v2\/pages\/9332"}],"wp:attachment":[{"href":"https:\/\/www.a-z-translations.com\/es\/wp-json\/wp\/v2\/media?parent=9422"}],"curies":[{"name":"wp","href":"https:\/\/api.w.org\/{rel}","templated":true}]}}