{"id":9413,"date":"2019-12-22T18:26:08","date_gmt":"2019-12-22T18:26:08","guid":{"rendered":"https:\/\/webweiden.de\/?page_id=9413"},"modified":"2021-02-11T21:40:30","modified_gmt":"2021-02-11T20:40:30","slug":"traducciones","status":"publish","type":"page","link":"https:\/\/www.a-z-translations.com\/es\/servicios\/traducciones\/","title":{"rendered":"Traducciones"},"content":{"rendered":"\t\t<div data-elementor-type=\"wp-page\" data-elementor-id=\"9413\" class=\"elementor elementor-9413\" data-elementor-post-type=\"page\">\n\t\t\t\t\t\t<section class=\"elementor-section elementor-top-section elementor-element elementor-element-97488e1 elementor-section-boxed elementor-section-height-default elementor-section-height-default\" data-id=\"97488e1\" data-element_type=\"section\">\n\t\t\t\t\t\t<div class=\"elementor-container elementor-column-gap-default\">\n\t\t\t\t\t<div class=\"elementor-column elementor-col-33 elementor-top-column elementor-element elementor-element-4fcdd9a\" data-id=\"4fcdd9a\" data-element_type=\"column\" data-settings=\"{&quot;background_background&quot;:&quot;classic&quot;}\">\n\t\t\t<div class=\"elementor-widget-wrap elementor-element-populated\">\n\t\t\t\t\t\t<div class=\"elementor-element elementor-element-4aa1861 elementor-widget elementor-widget-image\" data-id=\"4aa1861\" data-element_type=\"widget\" data-widget_type=\"image.default\">\n\t\t\t\t<div class=\"elementor-widget-container\">\n\t\t\t\t\t\t\t\t\t\t\t\t\t<img fetchpriority=\"high\" decoding=\"async\" width=\"600\" height=\"952\" src=\"https:\/\/www.a-z-translations.com\/wp-content\/uploads\/DSC2910.jpg\" class=\"attachment-large size-large wp-image-12371\" alt=\"Anke Betz A-Z Translations\" srcset=\"https:\/\/www.a-z-translations.com\/wp-content\/uploads\/DSC2910.jpg 600w, https:\/\/www.a-z-translations.com\/wp-content\/uploads\/DSC2910-189x300.jpg 189w\" sizes=\"(max-width: 600px) 100vw, 600px\" \/>\t\t\t\t\t\t\t\t\t\t\t\t\t<\/div>\n\t\t\t\t<\/div>\n\t\t\t\t<div class=\"elementor-element elementor-element-fff4630 elementor-widget elementor-widget-heading\" data-id=\"fff4630\" data-element_type=\"widget\" data-widget_type=\"heading.default\">\n\t\t\t\t<div class=\"elementor-widget-container\">\n\t\t\t<h4 class=\"elementor-heading-title elementor-size-default\">Servicios<\/h4>\t\t<\/div>\n\t\t\t\t<\/div>\n\t\t\t\t<div class=\"elementor-element elementor-element-dcdb823 elementor-icon-list--layout-traditional elementor-list-item-link-full_width elementor-widget elementor-widget-global elementor-global-13919 elementor-widget-icon-list\" data-id=\"dcdb823\" data-element_type=\"widget\" data-widget_type=\"icon-list.default\">\n\t\t\t\t<div class=\"elementor-widget-container\">\n\t\t\t\t\t<ul class=\"elementor-icon-list-items\">\n\t\t\t\t\t\t\t<li class=\"elementor-icon-list-item\">\n\t\t\t\t\t\t\t\t\t\t\t<a href=\"https:\/\/www.a-z-translations.com\/es\/servicios\/traducciones\/\">\n\n\t\t\t\t\t\t\t\t\t\t\t\t<span class=\"elementor-icon-list-icon\">\n\t\t\t\t\t\t\t<i aria-hidden=\"true\" class=\"fas fa-check\"><\/i>\t\t\t\t\t\t<\/span>\n\t\t\t\t\t\t\t\t\t\t<span class=\"elementor-icon-list-text\">Traducciones<\/span>\n\t\t\t\t\t\t\t\t\t\t\t<\/a>\n\t\t\t\t\t\t\t\t\t<\/li>\n\t\t\t\t\t\t\t\t<li class=\"elementor-icon-list-item\">\n\t\t\t\t\t\t\t\t\t\t\t<a href=\"https:\/\/www.a-z-translations.com\/es\/servicios\/servicios-de-interpretacion\/\">\n\n\t\t\t\t\t\t\t\t\t\t\t\t<span class=\"elementor-icon-list-icon\">\n\t\t\t\t\t\t\t<i aria-hidden=\"true\" class=\"fas fa-check\"><\/i>\t\t\t\t\t\t<\/span>\n\t\t\t\t\t\t\t\t\t\t<span class=\"elementor-icon-list-text\">Servicios de interpretaci\u00f3n<\/span>\n\t\t\t\t\t\t\t\t\t\t\t<\/a>\n\t\t\t\t\t\t\t\t\t<\/li>\n\t\t\t\t\t\t\t\t<li class=\"elementor-icon-list-item\">\n\t\t\t\t\t\t\t\t\t\t\t<a href=\"https:\/\/www.a-z-translations.com\/es\/servicios\/revision\/\">\n\n\t\t\t\t\t\t\t\t\t\t\t\t<span class=\"elementor-icon-list-icon\">\n\t\t\t\t\t\t\t<i aria-hidden=\"true\" class=\"fas fa-check\"><\/i>\t\t\t\t\t\t<\/span>\n\t\t\t\t\t\t\t\t\t\t<span class=\"elementor-icon-list-text\">Revisi\u00f3n<\/span>\n\t\t\t\t\t\t\t\t\t\t\t<\/a>\n\t\t\t\t\t\t\t\t\t<\/li>\n\t\t\t\t\t\t\t\t<li class=\"elementor-icon-list-item\">\n\t\t\t\t\t\t\t\t\t\t\t<a href=\"https:\/\/www.a-z-translations.com\/es\/servicios\/idiomas\/\">\n\n\t\t\t\t\t\t\t\t\t\t\t\t<span class=\"elementor-icon-list-icon\">\n\t\t\t\t\t\t\t<i aria-hidden=\"true\" class=\"fas fa-check\"><\/i>\t\t\t\t\t\t<\/span>\n\t\t\t\t\t\t\t\t\t\t<span class=\"elementor-icon-list-text\">Idiomas<\/span>\n\t\t\t\t\t\t\t\t\t\t\t<\/a>\n\t\t\t\t\t\t\t\t\t<\/li>\n\t\t\t\t\t\t\t\t<li class=\"elementor-icon-list-item\">\n\t\t\t\t\t\t\t\t\t\t\t<a href=\"https:\/\/www.a-z-translations.com\/es\/servicios\/areas-de-especializacion\/\">\n\n\t\t\t\t\t\t\t\t\t\t\t\t<span class=\"elementor-icon-list-icon\">\n\t\t\t\t\t\t\t<i aria-hidden=\"true\" class=\"fas fa-check\"><\/i>\t\t\t\t\t\t<\/span>\n\t\t\t\t\t\t\t\t\t\t<span class=\"elementor-icon-list-text\">\u00c1reas de especializaci\u00f3n<\/span>\n\t\t\t\t\t\t\t\t\t\t\t<\/a>\n\t\t\t\t\t\t\t\t\t<\/li>\n\t\t\t\t\t\t<\/ul>\n\t\t\t\t<\/div>\n\t\t\t\t<\/div>\n\t\t\t\t\t<\/div>\n\t\t<\/div>\n\t\t\t\t<div class=\"elementor-column elementor-col-66 elementor-top-column elementor-element elementor-element-3898c1a\" data-id=\"3898c1a\" data-element_type=\"column\">\n\t\t\t<div class=\"elementor-widget-wrap elementor-element-populated\">\n\t\t\t\t\t\t<div class=\"elementor-element elementor-element-e7235b9 elementor-widget elementor-widget-heading\" data-id=\"e7235b9\" data-element_type=\"widget\" data-widget_type=\"heading.default\">\n\t\t\t\t<div class=\"elementor-widget-container\">\n\t\t\t<h2 class=\"elementor-heading-title elementor-size-default\">Traducciones<\/h2>\t\t<\/div>\n\t\t\t\t<\/div>\n\t\t\t\t<div class=\"elementor-element elementor-element-86a25ee elementor-widget elementor-widget-text-editor\" data-id=\"86a25ee\" data-element_type=\"widget\" data-widget_type=\"text-editor.default\">\n\t\t\t\t<div class=\"elementor-widget-container\">\n\t\t\t\t\t\t\t<p>Ofrezco traducciones profesionales y de alta calidad del ingl\u00e9s y espa\u00f1ol al alem\u00e1n as\u00ed como del alem\u00e1n y espa\u00f1ol al ingl\u00e9s. Mis \u00e1reas de especializaci\u00f3n son <strong>econom\u00eda<\/strong><strong>\u00a0<\/strong>y\u00a0<strong>t\u00e9cnica<\/strong>. En caso de ser necesario trabajo tambi\u00e9n muy r\u00e1pidamente.<br \/>Por supuesto, tambi\u00e9n acepto trabajos que no pertenezcan necesariamente a mi \u00e1rea de especializaci\u00f3n \u2013 \u00a1simplemente preg\u00fanteme!<\/p><h3>Certificaciones<\/h3><p>La traducci\u00f3n de diplomas oficiales o de certificados solamente puede ser ejecutada por un traductor nombrado y jurado para el idioma correspondiente. Yo he sido oficialmente jurada para ingl\u00e9s y espa\u00f1ol por los cortes alemanes y elaboro traducciones certificadas de por ejemplo:<\/p><ul><li>notas y diplomas<\/li><li>referencias laborales<\/li><li>certificados policiales de buena conducta<\/li><li>partidas de nacimiento, matrimonio y defunci\u00f3n<\/li><li>sentencias de divorcio<\/li><li>etc.<\/li><\/ul><p>\u00bfSu documento no est\u00e1 en la lista? No hay problema \u2013 simplemente\u00a0<a href=\"https:\/\/musik.a-z-translation.com\/es\/content\/contacto\">cont\u00e1cteme<\/a>, de preferencia mediante una solicitud concreta y su documento adjunto. De este modo puedo hacerle una oferta en seguida.<\/p><p>Algunos pa\u00edses exigen, adem\u00e1s de la certificaci\u00f3n de la traducci\u00f3n, la certificaci\u00f3n oficial o apostilla del Landgericht encargado. De ser necesario realizo con gusto este tr\u00e1mite por usted.<\/p>\t\t\t\t\t\t<\/div>\n\t\t\t\t<\/div>\n\t\t\t\t\t<\/div>\n\t\t<\/div>\n\t\t\t\t\t<\/div>\n\t\t<\/section>\n\t\t\t\t<\/div>\n\t\t","protected":false},"excerpt":{"rendered":"<p>Servicios Traducciones Servicios de interpretaci\u00f3n Revisi\u00f3n Idiomas \u00c1reas de especializaci\u00f3n Traducciones Ofrezco traducciones profesionales y de alta calidad del ingl\u00e9s y espa\u00f1ol al alem\u00e1n as\u00ed como del alem\u00e1n y espa\u00f1ol al ingl\u00e9s. Mis \u00e1reas de especializaci\u00f3n son econom\u00eda\u00a0y\u00a0t\u00e9cnica. En caso de ser necesario trabajo tambi\u00e9n muy r\u00e1pidamente.Por supuesto, tambi\u00e9n acepto trabajos que no pertenezcan necesariamente [&hellip;]<\/p>\n","protected":false},"author":2,"featured_media":0,"parent":9332,"menu_order":0,"comment_status":"closed","ping_status":"closed","template":"elementor_header_footer","meta":{"om_disable_all_campaigns":false,"jetpack_post_was_ever_published":false,"footnotes":""},"class_list":["post-9413","page","type-page","status-publish","hentry","entry"],"aioseo_notices":[],"jetpack_sharing_enabled":true,"_links":{"self":[{"href":"https:\/\/www.a-z-translations.com\/es\/wp-json\/wp\/v2\/pages\/9413"}],"collection":[{"href":"https:\/\/www.a-z-translations.com\/es\/wp-json\/wp\/v2\/pages"}],"about":[{"href":"https:\/\/www.a-z-translations.com\/es\/wp-json\/wp\/v2\/types\/page"}],"author":[{"embeddable":true,"href":"https:\/\/www.a-z-translations.com\/es\/wp-json\/wp\/v2\/users\/2"}],"replies":[{"embeddable":true,"href":"https:\/\/www.a-z-translations.com\/es\/wp-json\/wp\/v2\/comments?post=9413"}],"version-history":[{"count":10,"href":"https:\/\/www.a-z-translations.com\/es\/wp-json\/wp\/v2\/pages\/9413\/revisions"}],"predecessor-version":[{"id":13931,"href":"https:\/\/www.a-z-translations.com\/es\/wp-json\/wp\/v2\/pages\/9413\/revisions\/13931"}],"up":[{"embeddable":true,"href":"https:\/\/www.a-z-translations.com\/es\/wp-json\/wp\/v2\/pages\/9332"}],"wp:attachment":[{"href":"https:\/\/www.a-z-translations.com\/es\/wp-json\/wp\/v2\/media?parent=9413"}],"curies":[{"name":"wp","href":"https:\/\/api.w.org\/{rel}","templated":true}]}}