{"id":9319,"date":"2019-12-22T15:29:23","date_gmt":"2019-12-22T15:29:23","guid":{"rendered":"https:\/\/webweiden.de\/?page_id=9319"},"modified":"2025-01-29T16:07:03","modified_gmt":"2025-01-29T15:07:03","slug":"contacto","status":"publish","type":"page","link":"https:\/\/www.a-z-translations.com\/es\/contacto\/","title":{"rendered":"Contacto"},"content":{"rendered":"\t\t<div data-elementor-type=\"wp-page\" data-elementor-id=\"9319\" class=\"elementor elementor-9319\" data-elementor-post-type=\"page\">\n\t\t\t\t\t\t<section class=\"elementor-section elementor-top-section elementor-element elementor-element-38164e2 elementor-section-boxed elementor-section-height-default elementor-section-height-default\" data-id=\"38164e2\" data-element_type=\"section\">\n\t\t\t\t\t\t<div class=\"elementor-container elementor-column-gap-default\">\n\t\t\t\t\t<div class=\"elementor-column elementor-col-33 elementor-top-column elementor-element elementor-element-4f924aa\" data-id=\"4f924aa\" data-element_type=\"column\">\n\t\t\t<div class=\"elementor-widget-wrap elementor-element-populated\">\n\t\t\t\t\t\t<div class=\"elementor-element elementor-element-95bcfdb elementor-widget elementor-widget-image\" data-id=\"95bcfdb\" data-element_type=\"widget\" data-widget_type=\"image.default\">\n\t\t\t\t<div class=\"elementor-widget-container\">\n\t\t\t\t\t\t\t\t\t\t\t\t\t<img fetchpriority=\"high\" decoding=\"async\" width=\"600\" height=\"763\" src=\"https:\/\/www.a-z-translations.com\/wp-content\/uploads\/DSC2944.jpg\" class=\"attachment-large size-large wp-image-12389\" alt=\"Anke Betz A-Z TranslationsAnke Betz A-Z Translations\" srcset=\"https:\/\/www.a-z-translations.com\/wp-content\/uploads\/DSC2944.jpg 600w, https:\/\/www.a-z-translations.com\/wp-content\/uploads\/DSC2944-236x300.jpg 236w\" sizes=\"(max-width: 600px) 100vw, 600px\" \/>\t\t\t\t\t\t\t\t\t\t\t\t\t<\/div>\n\t\t\t\t<\/div>\n\t\t\t\t<div class=\"elementor-element elementor-element-a066bf4 elementor-widget elementor-widget-button\" data-id=\"a066bf4\" data-element_type=\"widget\" data-widget_type=\"button.default\">\n\t\t\t\t<div class=\"elementor-widget-container\">\n\t\t\t\t\t<div class=\"elementor-button-wrapper\">\n\t\t\t<a class=\"elementor-button elementor-button-link elementor-size-sm elementor-animation-grow\" href=\"http:\/\/..\/formulario-de-contacto\/?lang=es\">\n\t\t\t\t\t\t<span class=\"elementor-button-content-wrapper\">\n\t\t\t\t\t\t\t\t\t<span class=\"elementor-button-text\">Formulario de contacto<\/span>\n\t\t\t\t\t<\/span>\n\t\t\t\t\t<\/a>\n\t\t<\/div>\n\t\t\t\t<\/div>\n\t\t\t\t<\/div>\n\t\t\t\t\t<\/div>\n\t\t<\/div>\n\t\t\t\t<div class=\"elementor-column elementor-col-66 elementor-top-column elementor-element elementor-element-f8873fc\" data-id=\"f8873fc\" data-element_type=\"column\">\n\t\t\t<div class=\"elementor-widget-wrap elementor-element-populated\">\n\t\t\t\t\t\t<div class=\"elementor-element elementor-element-7e0d306 elementor-widget elementor-widget-heading\" data-id=\"7e0d306\" data-element_type=\"widget\" data-widget_type=\"heading.default\">\n\t\t\t\t<div class=\"elementor-widget-container\">\n\t\t\t<h1 class=\"elementor-heading-title elementor-size-default\">Contacto<\/h1>\t\t<\/div>\n\t\t\t\t<\/div>\n\t\t\t\t<div class=\"elementor-element elementor-element-1b322ab elementor-widget elementor-widget-text-editor\" data-id=\"1b322ab\" data-element_type=\"widget\" data-widget_type=\"text-editor.default\">\n\t\t\t\t<div class=\"elementor-widget-container\">\n\t\t\t\t\t\t\t<p>Muchas gracias por su inter\u00e9s. Con mucho gusto responder\u00e9 a sus preguntas o elaborar\u00e9 un presupuesto gratis y sin compromiso. Le ruego me contacte por tel\u00e9fono o correo electr\u00f3nico o bien utilice el formulario de contacto. Yo me comunicar\u00e9 con usted de inmediato. \u00a1Espero poder colaborar con usted pronto de manera confiable y profesional!<\/p><p>Anke Betz<br \/>(traductora e int\u00e9rprete certificada por el Estado alem\u00e1n, int\u00e9rprete de conferencias VKD-Junior)<\/p><h3>Direcci\u00f3n<\/h3><p>S\u00f6llitz 7<br \/>D-92555 Trausnitz \/ Alemania<\/p><h3>Tel\u00e9fono<\/h3><p>Tel\u00e9fono: +49 173\u00a0 &#8211; 566 26 88<\/p><h3>Direcci\u00f3n de correo electr\u00f3nico<\/h3><p>Correo electr\u00f3nico: anke\u00a0[AT]\u00a0a-z-translations.com<\/p><h3>Mi domicilio profesional:<\/h3><p>Nuremberg<\/p><h3>La oficina est\u00e1 abierta:<\/h3><p>Lunes &#8211; Viernes 9:00 &#8211; 17:00 horas<\/p><p>Puede encontrar los pr\u00f3ximos eventos en mi agenda.<\/p><h3>Tambien pueden encotrarme aqu\u00ed:<\/h3><p><a href=\"https:\/\/www.regensburger-uebersetzer.de\/pages\/englisch\/betz.php\">Regensburger \u00dcbersetzer<\/a><\/p><p><a href=\"https:\/\/www.facebook.com\/AnkeBetzAZT\/\">Facebook<\/a><\/p><p><a href=\"https:\/\/www.instagram.com\/ankebetzazt\/\">Instagram<\/a><\/p><p><a href=\"https:\/\/www.linkedin.com\/in\/anke-betz\/\">LinkedIn<\/a><\/p><p><a href=\"https:\/\/x.com\/AZTranslations\">X<\/a><\/p>\t\t\t\t\t\t<\/div>\n\t\t\t\t<\/div>\n\t\t\t\t\t<\/div>\n\t\t<\/div>\n\t\t\t\t\t<\/div>\n\t\t<\/section>\n\t\t\t\t<\/div>\n\t\t","protected":false},"excerpt":{"rendered":"<p>Formulario de contacto Contacto Muchas gracias por su inter\u00e9s. Con mucho gusto responder\u00e9 a sus preguntas o elaborar\u00e9 un presupuesto gratis y sin compromiso. Le ruego me contacte por tel\u00e9fono o correo electr\u00f3nico o bien utilice el formulario de contacto. Yo me comunicar\u00e9 con usted de inmediato. \u00a1Espero poder colaborar con usted pronto de manera [&hellip;]<\/p>\n","protected":false},"author":2,"featured_media":0,"parent":0,"menu_order":0,"comment_status":"closed","ping_status":"open","template":"elementor_header_footer","meta":{"om_disable_all_campaigns":false,"jetpack_post_was_ever_published":false,"footnotes":""},"class_list":["post-9319","page","type-page","status-publish","hentry","entry"],"aioseo_notices":[],"jetpack_sharing_enabled":true,"_links":{"self":[{"href":"https:\/\/www.a-z-translations.com\/es\/wp-json\/wp\/v2\/pages\/9319"}],"collection":[{"href":"https:\/\/www.a-z-translations.com\/es\/wp-json\/wp\/v2\/pages"}],"about":[{"href":"https:\/\/www.a-z-translations.com\/es\/wp-json\/wp\/v2\/types\/page"}],"author":[{"embeddable":true,"href":"https:\/\/www.a-z-translations.com\/es\/wp-json\/wp\/v2\/users\/2"}],"replies":[{"embeddable":true,"href":"https:\/\/www.a-z-translations.com\/es\/wp-json\/wp\/v2\/comments?post=9319"}],"version-history":[{"count":10,"href":"https:\/\/www.a-z-translations.com\/es\/wp-json\/wp\/v2\/pages\/9319\/revisions"}],"predecessor-version":[{"id":15988,"href":"https:\/\/www.a-z-translations.com\/es\/wp-json\/wp\/v2\/pages\/9319\/revisions\/15988"}],"wp:attachment":[{"href":"https:\/\/www.a-z-translations.com\/es\/wp-json\/wp\/v2\/media?parent=9319"}],"curies":[{"name":"wp","href":"https:\/\/api.w.org\/{rel}","templated":true}]}}