{"id":9315,"date":"2019-12-22T15:27:49","date_gmt":"2019-12-22T15:27:49","guid":{"rendered":"https:\/\/webweiden.de\/?page_id=9315"},"modified":"2024-09-05T16:38:50","modified_gmt":"2024-09-05T14:38:50","slug":"datos-generales","status":"publish","type":"page","link":"https:\/\/www.a-z-translations.com\/es\/datos-generales\/","title":{"rendered":"Datos generales"},"content":{"rendered":"\t\t<div data-elementor-type=\"wp-page\" data-elementor-id=\"9315\" class=\"elementor elementor-9315\" data-elementor-post-type=\"page\">\n\t\t\t\t\t\t<section class=\"elementor-section elementor-top-section elementor-element elementor-element-6dc6302 elementor-section-boxed elementor-section-height-default elementor-section-height-default\" data-id=\"6dc6302\" data-element_type=\"section\">\n\t\t\t\t\t\t<div class=\"elementor-container elementor-column-gap-default\">\n\t\t\t\t\t<div class=\"elementor-column elementor-col-100 elementor-top-column elementor-element elementor-element-d5b3e94\" data-id=\"d5b3e94\" data-element_type=\"column\">\n\t\t\t<div class=\"elementor-widget-wrap elementor-element-populated\">\n\t\t\t\t\t\t<div class=\"elementor-element elementor-element-5f53071 elementor-widget elementor-widget-html\" data-id=\"5f53071\" data-element_type=\"widget\" data-widget_type=\"html.default\">\n\t\t\t\t<div class=\"elementor-widget-container\">\n\t\t\t<script type=\"application\/javascript\"> var UC_UI_SUPPRESS_CMP_DISPLAY=true;<\/script>\t\t<\/div>\n\t\t\t\t<\/div>\n\t\t\t\t<div class=\"elementor-element elementor-element-7c5611e elementor-widget elementor-widget-heading\" data-id=\"7c5611e\" data-element_type=\"widget\" data-widget_type=\"heading.default\">\n\t\t\t\t<div class=\"elementor-widget-container\">\n\t\t\t<h1 class=\"elementor-heading-title elementor-size-default\">Datos generales de A-Z Translations<\/h1>\t\t<\/div>\n\t\t\t\t<\/div>\n\t\t\t\t<div class=\"elementor-element elementor-element-c0e64d0 elementor-widget elementor-widget-heading\" data-id=\"c0e64d0\" data-element_type=\"widget\" data-widget_type=\"heading.default\">\n\t\t\t\t<div class=\"elementor-widget-container\">\n\t\t\t<h2 class=\"elementor-heading-title elementor-size-default\">A-Z Translations<\/h2>\t\t<\/div>\n\t\t\t\t<\/div>\n\t\t\t\t<div class=\"elementor-element elementor-element-06aebdd elementor-widget-divider--view-line elementor-widget elementor-widget-divider\" data-id=\"06aebdd\" data-element_type=\"widget\" data-widget_type=\"divider.default\">\n\t\t\t\t<div class=\"elementor-widget-container\">\n\t\t\t\t\t<div class=\"elementor-divider\">\n\t\t\t<span class=\"elementor-divider-separator\">\n\t\t\t\t\t\t<\/span>\n\t\t<\/div>\n\t\t\t\t<\/div>\n\t\t\t\t<\/div>\n\t\t\t\t\t<\/div>\n\t\t<\/div>\n\t\t\t\t\t<\/div>\n\t\t<\/section>\n\t\t\t\t<section class=\"elementor-section elementor-top-section elementor-element elementor-element-cb24060 elementor-section-boxed elementor-section-height-default elementor-section-height-default\" data-id=\"cb24060\" data-element_type=\"section\">\n\t\t\t\t\t\t<div class=\"elementor-container elementor-column-gap-default\">\n\t\t\t\t\t<div class=\"elementor-column elementor-col-66 elementor-top-column elementor-element elementor-element-106aa12\" data-id=\"106aa12\" data-element_type=\"column\">\n\t\t\t<div class=\"elementor-widget-wrap elementor-element-populated\">\n\t\t\t\t\t\t<div class=\"elementor-element elementor-element-7581eb6 elementor-widget elementor-widget-text-editor\" data-id=\"7581eb6\" data-element_type=\"widget\" data-widget_type=\"text-editor.default\">\n\t\t\t\t<div class=\"elementor-widget-container\">\n\t\t\t\t\t\t\t<h2><strong>Datos seg\u00fan \u00a7 5 de la ley alemana relativa a medios de telecomunicaci\u00f3n (TMG)<\/strong><\/h2><p>Anke Betz<br \/>(traductora e int\u00e9rprete certificada por el estado alem\u00e1n)<br \/>S\u00f6llitz 7<br \/>D-92555 Trausnitz<\/p><h2><strong>Contacto<\/strong><\/h2><p>Tel\u00e9fono: +49 (0) 173 566 26 88<br \/>Correo electr\u00f3nico: anke@a-z-translations.com<\/p><h2><strong>N\u00famero de identificaci\u00f3n fiscal<\/strong><\/h2><p>N\u00famero de identificaci\u00f3n a efectos del impuesto sobre la cifra de negocios seg\u00fan \u00a727a de la ley alemana relativa al impuesto sobre la cifra de negocios:<br \/>DE 262520686<\/p><h2><strong>Autoridad reguladora<\/strong><\/h2><p>Landgericht Amberg<br \/>Regierungsstr. 8-10<br \/>D-92224 Amberg<\/p><p><a href=\"http:\/\/https:\/www.justiz.bayern.de\/gerichte-und-behoerden\/landgericht\/amberg\/\">http:\/\/https:\/\/www.justiz.bayern.de\/gerichte-und-behoerden\/landgericht\/amberg\/<\/a><\/p><h2><strong>T\u00edtulo profesional y regulaciones de derecho profesional<\/strong><\/h2><p>T\u00edtulo profesional: Staatlich gepr\u00fcfte \u00dcbersetzerin &amp; Dolmetscherin (traductora e int\u00e9rprete certificada por el estado alem\u00e1n)<br \/>Colegio competente: Landgericht Amberg (tribunal de distrito)<br \/>Otorgado en: Alemania<\/p><p>Se aplican las siguientes regulaciones de derecho profesional:<\/p><h2><strong>Seguro de responsabilidad civil contra perjuicio patrimonial<\/strong><\/h2><p><strong>Nombre y sede social de la aseguradora:<\/strong><br \/>Markel International Insurance Company Limited<br \/>Sophienstr. 26<br \/>D-80333 M\u00fcnchen<\/p><h2><strong>Responsabilidad editorial<\/strong><\/h2><p>Anke Betz<br \/>S\u00f6litz 7<br \/>D-92555 Trausnitz<\/p><h2><strong>Resoluci\u00f3n de litigios en la UE<\/strong><\/h2><p>La Comisi\u00f3n Europea ofrece una plataforma para la resoluci\u00f3n de litigios en l\u00ednea (ODR): <a href=\"https:\/\/ec.europa.eu\/consumers\/odr\/\">https:\/\/ec.europa.eu\/consumers\/odr\/<\/a>.<br \/>Puede encontrar mi direcci\u00f3n de correo electr\u00f3nico en los datos generales arriba.<\/p><h2><strong>Resoluci\u00f3n de litigios de los consumidores \/ comisi\u00f3n de arbitraje universal<\/strong><\/h2><p>No estoy dispuesto ni obligado a participar en un procedimiento de soluci\u00f3n de litigios ante una comisi\u00f3n de arbitraje del consumidor.<\/p><h3><strong>\u00cdndice de im\u00e1genes:<\/strong><\/h3><p>#9023157 \/ \u00a9 Yuri \u2013 iStockphoto.com<br \/>#8873087 \/ \u00a9 stuartbur \u2013 iStockphoto.com<br \/>#5088030 \/ \u00a9 Edward Grajeda \u2013 iStockphoto.com<br \/>#3898013 \/ \u00a9 cmeder \u2013 iStockphoto.com<br \/>#2877135 \/ \u00a9 Tom Nulens \u2013 iStockphoto.com<br \/>#67340 \/ \u00a9 JJJonsey \u2013 iStockphoto.com<br \/>#1892400 \/ \u00a9 Howard Owen- iStockphoto.com<\/p><p>money-under-the-mouse-1-1239135 \u00a9 <a href=\"https:\/\/de.freeimages.com\/photographer\/kipcurry-44699\">Pierre Amerlynck<\/a> from <a href=\"https:\/\/freeimages.com\/\">FreeImages<\/a><br \/>sonata-music-1521004 \u00a9 <a href=\"https:\/\/de.freeimages.com\/photographer\/jrossol-39198\">jrossol<\/a> from <a href=\"https:\/\/freeimages.com\/\">FreeImages<\/a><br \/>Retratos: Anke Betz (fotograf\u00eda softintelli IT-Medien)\u00a0<\/p>\t\t\t\t\t\t<\/div>\n\t\t\t\t<\/div>\n\t\t\t\t\t<\/div>\n\t\t<\/div>\n\t\t\t\t<div class=\"elementor-column elementor-col-33 elementor-top-column elementor-element elementor-element-7824c91\" data-id=\"7824c91\" data-element_type=\"column\">\n\t\t\t<div class=\"elementor-widget-wrap elementor-element-populated\">\n\t\t\t\t\t\t<div class=\"elementor-element elementor-element-bb57886 elementor-widget elementor-widget-image\" data-id=\"bb57886\" data-element_type=\"widget\" data-widget_type=\"image.default\">\n\t\t\t\t<div class=\"elementor-widget-container\">\n\t\t\t\t\t\t\t\t\t\t\t\t\t<img fetchpriority=\"high\" decoding=\"async\" width=\"768\" height=\"1024\" src=\"https:\/\/www.a-z-translations.com\/wp-content\/uploads\/DSC2758-1-768x1024.jpg\" class=\"attachment-large size-large wp-image-12381\" alt=\"Anke Betz A-Z TranslationsAnke Betz A-Z Translations\" srcset=\"https:\/\/www.a-z-translations.com\/wp-content\/uploads\/DSC2758-1-768x1024.jpg 768w, https:\/\/www.a-z-translations.com\/wp-content\/uploads\/DSC2758-1-225x300.jpg 225w, https:\/\/www.a-z-translations.com\/wp-content\/uploads\/DSC2758-1-1152x1536.jpg 1152w, https:\/\/www.a-z-translations.com\/wp-content\/uploads\/DSC2758-1-1536x2048.jpg 1536w, https:\/\/www.a-z-translations.com\/wp-content\/uploads\/DSC2758-1-scaled.jpg 1920w\" sizes=\"(max-width: 768px) 100vw, 768px\" \/>\t\t\t\t\t\t\t\t\t\t\t\t\t<\/div>\n\t\t\t\t<\/div>\n\t\t\t\t\t<\/div>\n\t\t<\/div>\n\t\t\t\t\t<\/div>\n\t\t<\/section>\n\t\t\t\t<section class=\"elementor-section elementor-top-section elementor-element elementor-element-3e73392 elementor-section-boxed elementor-section-height-default elementor-section-height-default\" data-id=\"3e73392\" data-element_type=\"section\">\n\t\t\t\t\t\t<div class=\"elementor-container elementor-column-gap-default\">\n\t\t\t\t\t<div class=\"elementor-column elementor-col-100 elementor-top-column elementor-element elementor-element-5a02a25\" data-id=\"5a02a25\" data-element_type=\"column\">\n\t\t\t<div class=\"elementor-widget-wrap\">\n\t\t\t\t\t\t\t<\/div>\n\t\t<\/div>\n\t\t\t\t\t<\/div>\n\t\t<\/section>\n\t\t\t\t<\/div>\n\t\t","protected":false},"excerpt":{"rendered":"<p>Datos generales de A-Z Translations A-Z Translations Datos seg\u00fan \u00a7 5 de la ley alemana relativa a medios de telecomunicaci\u00f3n (TMG) Anke Betz(traductora e int\u00e9rprete certificada por el estado alem\u00e1n)S\u00f6llitz 7D-92555 Trausnitz Contacto Tel\u00e9fono: +49 (0) 173 566 26 88Correo electr\u00f3nico: anke@a-z-translations.com N\u00famero de identificaci\u00f3n fiscal N\u00famero de identificaci\u00f3n a efectos del impuesto sobre la [&hellip;]<\/p>\n","protected":false},"author":2,"featured_media":0,"parent":0,"menu_order":0,"comment_status":"closed","ping_status":"closed","template":"elementor_header_footer","meta":{"om_disable_all_campaigns":false,"jetpack_post_was_ever_published":false,"footnotes":""},"class_list":["post-9315","page","type-page","status-publish","hentry","entry"],"aioseo_notices":[],"jetpack_sharing_enabled":true,"_links":{"self":[{"href":"https:\/\/www.a-z-translations.com\/es\/wp-json\/wp\/v2\/pages\/9315"}],"collection":[{"href":"https:\/\/www.a-z-translations.com\/es\/wp-json\/wp\/v2\/pages"}],"about":[{"href":"https:\/\/www.a-z-translations.com\/es\/wp-json\/wp\/v2\/types\/page"}],"author":[{"embeddable":true,"href":"https:\/\/www.a-z-translations.com\/es\/wp-json\/wp\/v2\/users\/2"}],"replies":[{"embeddable":true,"href":"https:\/\/www.a-z-translations.com\/es\/wp-json\/wp\/v2\/comments?post=9315"}],"version-history":[{"count":10,"href":"https:\/\/www.a-z-translations.com\/es\/wp-json\/wp\/v2\/pages\/9315\/revisions"}],"predecessor-version":[{"id":15896,"href":"https:\/\/www.a-z-translations.com\/es\/wp-json\/wp\/v2\/pages\/9315\/revisions\/15896"}],"wp:attachment":[{"href":"https:\/\/www.a-z-translations.com\/es\/wp-json\/wp\/v2\/media?parent=9315"}],"curies":[{"name":"wp","href":"https:\/\/api.w.org\/{rel}","templated":true}]}}