{"id":9311,"date":"2019-12-22T15:26:04","date_gmt":"2019-12-22T15:26:04","guid":{"rendered":"https:\/\/webweiden.de\/?page_id=9311"},"modified":"2024-09-05T16:45:05","modified_gmt":"2024-09-05T14:45:05","slug":"discrecion","status":"publish","type":"page","link":"https:\/\/www.a-z-translations.com\/es\/discrecion\/","title":{"rendered":"Discreci\u00f3n"},"content":{"rendered":"\t\t<div data-elementor-type=\"wp-page\" data-elementor-id=\"9311\" class=\"elementor elementor-9311\" data-elementor-post-type=\"page\">\n\t\t\t\t\t\t<section class=\"elementor-section elementor-top-section elementor-element elementor-element-08471dd elementor-section-boxed elementor-section-height-default elementor-section-height-default\" data-id=\"08471dd\" data-element_type=\"section\">\n\t\t\t\t\t\t<div class=\"elementor-container elementor-column-gap-default\">\n\t\t\t\t\t<div class=\"elementor-column elementor-col-100 elementor-top-column elementor-element elementor-element-1814f9d\" data-id=\"1814f9d\" data-element_type=\"column\">\n\t\t\t<div class=\"elementor-widget-wrap elementor-element-populated\">\n\t\t\t\t\t\t<div class=\"elementor-element elementor-element-5363764 elementor-widget elementor-widget-html\" data-id=\"5363764\" data-element_type=\"widget\" data-widget_type=\"html.default\">\n\t\t\t\t<div class=\"elementor-widget-container\">\n\t\t\t<script type=\"application\/javascript\"> var UC_UI_SUPPRESS_CMP_DISPLAY=true;<\/script>\t\t<\/div>\n\t\t\t\t<\/div>\n\t\t\t\t<div class=\"elementor-element elementor-element-d8e231c elementor-widget elementor-widget-heading\" data-id=\"d8e231c\" data-element_type=\"widget\" data-widget_type=\"heading.default\">\n\t\t\t\t<div class=\"elementor-widget-container\">\n\t\t\t<h1 class=\"elementor-heading-title elementor-size-default\">\nDiscreci\u00f3n<\/h1>\t\t<\/div>\n\t\t\t\t<\/div>\n\t\t\t\t<div class=\"elementor-element elementor-element-90854bc elementor-widget-divider--view-line elementor-widget elementor-widget-divider\" data-id=\"90854bc\" data-element_type=\"widget\" data-widget_type=\"divider.default\">\n\t\t\t\t<div class=\"elementor-widget-container\">\n\t\t\t\t\t<div class=\"elementor-divider\">\n\t\t\t<span class=\"elementor-divider-separator\">\n\t\t\t\t\t\t<\/span>\n\t\t<\/div>\n\t\t\t\t<\/div>\n\t\t\t\t<\/div>\n\t\t\t\t\t<\/div>\n\t\t<\/div>\n\t\t\t\t\t<\/div>\n\t\t<\/section>\n\t\t\t\t<section class=\"elementor-section elementor-top-section elementor-element elementor-element-b485d2a elementor-section-boxed elementor-section-height-default elementor-section-height-default\" data-id=\"b485d2a\" data-element_type=\"section\">\n\t\t\t\t\t\t<div class=\"elementor-container elementor-column-gap-default\">\n\t\t\t\t\t<div class=\"elementor-column elementor-col-100 elementor-top-column elementor-element elementor-element-1322ec5\" data-id=\"1322ec5\" data-element_type=\"column\">\n\t\t\t<div class=\"elementor-widget-wrap elementor-element-populated\">\n\t\t\t\t\t\t<div class=\"elementor-element elementor-element-c2faf25 elementor-widget elementor-widget-heading\" data-id=\"c2faf25\" data-element_type=\"widget\" data-widget_type=\"heading.default\">\n\t\t\t\t<div class=\"elementor-widget-container\">\n\t\t\t<h2 class=\"elementor-heading-title elementor-size-default\">Declaraci\u00f3n de privacidad<\/h2>\t\t<\/div>\n\t\t\t\t<\/div>\n\t\t\t\t\t<\/div>\n\t\t<\/div>\n\t\t\t\t\t<\/div>\n\t\t<\/section>\n\t\t\t\t<section class=\"elementor-section elementor-top-section elementor-element elementor-element-119bf99 elementor-section-boxed elementor-section-height-default elementor-section-height-default\" data-id=\"119bf99\" data-element_type=\"section\">\n\t\t\t\t\t\t<div class=\"elementor-container elementor-column-gap-default\">\n\t\t\t\t\t<div class=\"elementor-column elementor-col-100 elementor-top-column elementor-element elementor-element-df52578\" data-id=\"df52578\" data-element_type=\"column\">\n\t\t\t<div class=\"elementor-widget-wrap elementor-element-populated\">\n\t\t\t\t\t\t<div class=\"elementor-element elementor-element-486a3f9 elementor-widget elementor-widget-text-editor\" data-id=\"486a3f9\" data-element_type=\"widget\" data-widget_type=\"text-editor.default\">\n\t\t\t\t<div class=\"elementor-widget-container\">\n\t\t\t\t\t\t\t<p><strong>1. Informaci\u00f3n general sobre la protecci\u00f3n de datos<\/strong><\/p><p>Observaciones generales<\/p><p>Las siguientes observaciones ofrecen informaci\u00f3n general sobre qu\u00e9 pasa con sus datos personales cuando visita nuestro sitio web. Se consideran datos personales todos aquellos datos con los que se le pueda identificar a usted personalmente. Encontrar\u00e1 una amplia informaci\u00f3n sobre el tema de la protecci\u00f3n de datos en nuestra declaraci\u00f3n de privacidad, bajo este texto.<\/p><p><strong>Recogida de datos en nuestro sitio web<\/strong><\/p><p>\u00bfQui\u00e9n es responsable de la recogida de datos en este sitio web?<\/p><p>El tratamiento de datos en este sitio web se hace a trav\u00e9s del operador del sitio web. Encontrar\u00e1 sus datos de contacto en la secci\u00f3n de aviso legal de este sitio web.<\/p><p>\u00bfC\u00f3mo recogemos sus datos?<\/p><p>Por una parte, sus datos se recogen cuando usted nos los comunica. Esto puede ocurrir, por ejemplo, con los datos que introduzca en un formulario de contacto.<\/p><p>Otros datos los recogen nuestros sistemas inform\u00e1ticos de manera autom\u00e1tica cuando se visita nuestro sitio web. Se trata sobre todo de datos t\u00e9cnicos (por ejemplo, navegador de internet, sistema operativo y hora de acceso a la p\u00e1gina). La recogida de estos datos se produce autom\u00e1ticamente en cuanto entra a nuestro sitio web.<\/p><p>\u00bfPara qu\u00e9 usamos sus datos?<\/p><p>Una parte de los datos se recogen para garantizar que el sitio web funcione sin fallos. Otros datos pueden utilizarse para un an\u00e1lisis de su comportamiento como usuario.<\/p><p>\u00bfQu\u00e9 derechos tiene en relaci\u00f3n con sus datos?<\/p><p>Tiene derecho en todo momento a obtener informaci\u00f3n, sin coste alguno, sobre el origen, los destinatarios y la finalidad de los datos personales guardados sobre usted. Adem\u00e1s, tiene derecho a pedir la rectificaci\u00f3n, el bloqueo o la supresi\u00f3n de estos datos. A tales efectos, as\u00ed como para otras cuestiones relativas a la protecci\u00f3n de datos, puede dirigirse a nosotros en cualquier momento en la direcci\u00f3n indicada en la secci\u00f3n de aviso legal. Adem\u00e1s, le corresponde un derecho a reclamar ante la autoridad de control competente.<\/p><p>Herramientas de an\u00e1lisis y herramientas de terceros proveedores<\/p><p>Cuando visita nuestro sitio web, su comportamiento de navegaci\u00f3n puede someterse a un an\u00e1lisis estad\u00edstico. Esto ocurre sobre todo con cookies y con los llamados programas de an\u00e1lisis. El an\u00e1lisis de su comportamiento de navegaci\u00f3n se efect\u00faa, por regla general, de manera an\u00f3nima; el comportamiento de navegaci\u00f3n no se puede usar para identificar al usuario. Puede oponerse a este an\u00e1lisis y tambi\u00e9n puede impedirlo absteni\u00e9ndose de utilizar determinadas herramientas. Encontrar\u00e1 m\u00e1s informaci\u00f3n al respecto en la siguiente declaraci\u00f3n de privacidad.<\/p><p>Puede oponerse a este an\u00e1lisis. Le informaremos sobre las posibilidades de oposici\u00f3n en esta declaraci\u00f3n de privacidad.<\/p><p><strong>2. Advertencias generales e informaci\u00f3n obligatoria<\/strong><\/p><p><strong>Protecci\u00f3n de datos<\/strong><\/p><p>Los operadores de estas p\u00e1ginas se toman muy en serio la protecci\u00f3n de sus datos personales. Procesamos sus datos personales con confidencialidad y de acuerdo con las disposiciones legales vigentes en materia de protecci\u00f3n de datos y con esta declaraci\u00f3n de privacidad.<\/p><p>Cuando visita este sitio web se registran varios datos personales. Se consideran datos personales aquellos datos con los que se le pueda identificar a usted personalmente. La presente declaraci\u00f3n de privacidad explica qu\u00e9 datos recogemos y para qu\u00e9 los usamos. Tambi\u00e9n explica c\u00f3mo se hace esto y para qu\u00e9 fin.<\/p><p><span lang=\"ES\" xml:lang=\"ES\">V\u00e9ase tambi\u00e9n Condiciones generales de contrato para traductores, n\u00fam. 6 \u00abSigilo profesional\u00bb y Condiciones generales de contrato para int\u00e9rpretes, n\u00fam. 13 \u00abSigilo profesional\u00bb, as\u00ed como el\u00a0<\/span> <a href=\"http:\/\/www.bdue.de\/der-bdue\/statuten\/berufs-und-ehrenordnung\/\">C\u00f3digo profesional y de honor de la BD\u00dc (Asociaci\u00f3n Profesional de Traductores e Int\u00e9rpretes en Alemania)<\/a><span lang=\"ES\" xml:lang=\"ES\">.<\/span><\/p><div class=\"WordSection1\"><p><a href=\"https:\/\/musik.a-z-translation.com\/sites\/default\/files\/downloads\/Berufs-_und_Ehrenordnung.pdf\">Descargar c\u00f3digo profesional y de honor de la BD\u00dc (Asociaci\u00f3n Profesional de Traductores e Int\u00e9rpretes en Alemania (80 KB, en alem\u00e1n)<\/a><\/p><\/div><p>Debemos advertirle de que la transmisi\u00f3n de datos por internet (por ejemplo, en la comunicaci\u00f3n por correo electr\u00f3nico) puede presentar lagunas de seguridad. No es posible proteger los datos absolutamente contra el acceso por terceras personas.<\/p><p>Advertencia sobre el responsable<\/p><p>El responsable del tratamiento de datos en este sitio web es:<\/p><p>Anke Betz<br \/>S\u00f6llitz 7<br \/>D-92555 Trausnitz<br \/>Tel\u00e9fono +49 173 &#8211; 566 26 88<br \/>Fax: +49 9604 &#8211; 530 98 08<br \/>E-mail: anke [AT] a-z-translations.com<\/p><p>El responsable es aquella persona f\u00edsica o jur\u00eddica que, solo o junto con otros, determine los fines y medios del tratamiento de datos personales (por ejemplo, nombre, direcci\u00f3n de correo electr\u00f3nico, etc.).<\/p><p>Retirada de su consentimiento al tratamiento de datos<\/p><p>Muchas operaciones de tratamiento de datos solo son posibles con su consentimiento expreso. En cualquier momento puede retirar el consentimiento dado. Para ello basta con notific\u00e1rnoslo por correo electr\u00f3nico de manera informal. La retirada del consentimiento no afectar\u00e1 a la legalidad del tratamiento de datos hecho hasta dicha retirada.<\/p><p>Derecho de reclamaci\u00f3n ante la autoridad de control competente<\/p><p><span lang=\"ES-TRAD\" xml:lang=\"ES-TRAD\">En caso de infracci\u00f3n en materia de protecci\u00f3n de datos, el interesado tiene derecho a presentar una reclamaci\u00f3n ante la autoridad de control competente. La autoridad de control competente en materia de protecci\u00f3n de datos es el delegado de protecci\u00f3n de datos del Estado Federado en el que nuestra empresa tiene su domicilio. Encontrar\u00e1 una lista de los delegados de protecci\u00f3n de datos y sus datos de contacto en el siguiente enlace:<\/span><a href=\"https:\/\/www.bfdi.bund.de\/DE\/Infothek\/Anschriften_Links\/anschriften_links-node.html\" target=\"_blank\" rel=\"noopener\">https:\/\/www.bfdi.bund.de\/DE\/Infothek\/Anschriften_Links\/anschriften_links-node.html<\/a>.<\/p><p>Derecho a la portabilidad de los datos<\/p><p>Tiene derecho a que se le entreguen a usted o a un tercero los datos que tratamos, ya sea en virtud de su consentimiento o de manera autom\u00e1tica en cumplimiento de un contrato, en un formato que sea de uso com\u00fan y lectura mec\u00e1nica. En caso de que solicite la transmisi\u00f3n de los datos a otro responsable, esto se har\u00e1 solo en la medida en que resulte t\u00e9cnicamente viable.<\/p><p>Cifrado SSL o TLS<\/p><p>Por razones de seguridad, y con el fin de proteger la transmisi\u00f3n de contenidos confidenciales, como por ejemplo pedidos o consultas que nos env\u00ede como operadores del sitio, en este sitio se usa un cifrado SSL o TLS. Puede detectar que se trata de una conexi\u00f3n cifrada cuando la barra de direcci\u00f3n del navegador cambie de \u00abhttp:\/\/\u00bb a \u00abhttps:\/\/\u00bb y aparezca un icono de un candado en su barra de navegaci\u00f3n.<\/p><p>Cuando el cifrado SSL o TLS est\u00e1 activado, los terceros no pueden leer los datos que usted nos env\u00ede.<\/p><p>Informaci\u00f3n, bloqueo, supresi\u00f3n<\/p><p>En el marco de las disposiciones legales vigentes, usted tiene derecho en todo momento a obtener informaci\u00f3n, sin coste alguno, sobre sus datos personales guardados, su origen y destinatarios, as\u00ed como el fin del tratamiento y, en su caso, tambi\u00e9n tendr\u00e1 un derecho de rectificaci\u00f3n, bloqueo y supresi\u00f3n de estos datos. A tales efectos, as\u00ed como para otras cuestiones relativas a los datos personales, puede dirigirse a nosotros en cualquier momento en la direcci\u00f3n indicada en la secci\u00f3n de aviso legal.<\/p><p>Oposici\u00f3n a los mensajes de correo electr\u00f3nico publicitarios<\/p><p>Por la presente, se ejerce el derecho de oposici\u00f3n al uso de los datos de contacto publicados en cumplimiento de la obligaci\u00f3n de publicar el aviso legal para el env\u00edo de publicidad y material informativo no solicitado expresamente. Los operadores de la p\u00e1gina se reservan expresamente el derecho a interponer medidas legales en caso de recibir informaci\u00f3n publicitaria no deseada, por ejemplo por correo electr\u00f3nico masivo.<\/p><p><strong>3. Recogida de datos en nuestro sitio web<\/strong><\/p><p>Cookies<\/p><p>Las p\u00e1ginas de internet usan en ocasiones las llamadas cookies. Las cookies no hacen ning\u00fan da\u00f1o en su ordenador y no contienen virus. Estas cookies sirven para hacer nuestra oferta m\u00e1s f\u00e1cil de usar, m\u00e1s eficaz y m\u00e1s segura. Las cookies son peque\u00f1os archivos de texto que se depositan en su ordenador y su navegador almacena.<\/p><p>La mayor\u00eda de las cookies que usamos son las llamadas cookies de sesi\u00f3n. Estas se borran autom\u00e1ticamente cuando termine su visita. Otras cookies permanecen guardadas en su dispositivo hasta que usted las borra. Estas cookies nos permiten reconocer su navegador en la pr\u00f3xima visita.<\/p><p>Puede ajustar su navegador de manera que se le informe sobre el dep\u00f3sito de las cookies y permitir las cookies solo caso por caso, excluir la aceptaci\u00f3n de cookies en casos concretos o de manera general y activar el borrado autom\u00e1tico de las cookies cada vez que se cierre el navegador. Si se desactivan las cookies, la funcionalidad de este sitio web puede estar limitada.<\/p><p>Las cookies necesarias para llevar a cabo la operaci\u00f3n de comunicaci\u00f3n electr\u00f3nica o para habilitar determinadas funciones que usted desee (por ejemplo, el carrito de la compra), se almacenan en virtud del art\u00edculo 6, apartado 1, letra f), RGPD. El operador del sitio web tiene un inter\u00e9s leg\u00edtimo en que se almacenen las cookies para prestar sus servicios sin fallos y de manera \u00f3ptima desde el punto de vista t\u00e9cnico. Cuando se guarden otras cookies (por ejemplo, cookies de an\u00e1lisis de su comportamiento de navegaci\u00f3n), estas se abordar\u00e1n por separado en esta declaraci\u00f3n de privacidad.<\/p><p>Archivos de registro de servidor<\/p><p>El proveedor de las p\u00e1ginas recoge y guarda informaci\u00f3n autom\u00e1ticamente en los llamados archivos de registro de servidor, que su navegador nos remite autom\u00e1ticamente. Esto incluye:<\/p><ul><li>tipo y versi\u00f3n del navegador<\/li><li>sistema operativo empleado<\/li><li>URL de referencia<\/li><li>el nombre del host del ordenador que accede<\/li><li>hora de la petici\u00f3n al servidor<\/li><li>direcci\u00f3n IP.<\/li><\/ul><p>Estos datos no se fusionan con otras fuentes de datos.<\/p><p>El fundamento para el tratamiento es el art\u00edculo 6, apartado 1, letra b), RGPD, el cual autoriza el tratamiento de los datos para el cumplimiento de un contrato o para medidas precontractuales.<\/p><p>Formulario de contacto<\/p><p>Si nos env\u00eda una consulta a trav\u00e9s de un formulario de contacto, guardaremos sus datos del formulario, incluidos los datos de contacto que haya introducido en \u00e9l, para fines de gesti\u00f3n de la consulta y para el caso de que haya consultas suplementarias. Estos datos no los cederemos sin su consentimiento.<\/p><p>El tratamiento de los datos introducidos en el formulario de contacto se hace, por tanto, exclusivamente sobre el fundamento de su consentimiento (art\u00edculo 6, apartado 1, letra a), RGPD). En cualquier momento puede retirar este consentimiento. Para ello basta con notific\u00e1rnoslo por correo electr\u00f3nico de manera informal. La legalidad de las operaciones de tratamiento de datos hechas hasta la retirada del consentimiento no se ve afectada por dicha retirada.<\/p><p>Los datos introducidos por usted en el formulario de contacto permanecer\u00e1n en nuestros sistemas hasta que nos pida la supresi\u00f3n, retire su consentimiento al almacenamiento o desaparezca la finalidad para el almacenamiento (por ejemplo, una vez terminada la gesti\u00f3n de su consulta). Todo ello se entiende sin perjuicio de las disposiciones legales de car\u00e1cter imperativo, en particular, los plazos de conservaci\u00f3n.<\/p><p>Tratamiento de datos (datos de cliente y de contrato)<\/p><p>Solo recogemos, tratamos y usamos datos personales en la medida en que sea necesario para la constituci\u00f3n, la organizaci\u00f3n del contenido o la modificaci\u00f3n de la relaci\u00f3n jur\u00eddica (datos maestro). Esto se lleva a cabo sobre la base del art\u00edculo 6, apartado 1, letra b), RGPD, el cual autoriza el tratamiento de los datos para el cumplimiento de un contrato o para medidas precontractuales. Solo recogemos, tratamos y usamos datos personales sobre la utilizaci\u00f3n de nuestras p\u00e1ginas de internet (datos de uso) en la medida en que sea necesario para posibilitar o facturar al usuario la utilizaci\u00f3n del servicio.<\/p><p>Los datos de cliente recogidos se borrar\u00e1n una vez finalizado el pedido o terminada la relaci\u00f3n comercial. Esto no afectar\u00e1 a los plazos legales de conservaci\u00f3n.<\/p><p>Cesi\u00f3n de datos en caso de celebraci\u00f3n de contrato para la prestaci\u00f3n de servicios y contenidos digitales<\/p><p>Solo cedemos datos personales a terceros si esto es necesario en el marco de la ejecuci\u00f3n del contrato.<\/p><p>Al margen de esto, no se ceden los datos o solo se hace si usted ha dado su consentimiento a dicha cesi\u00f3n de manera expresa. Sus datos no se facilitar\u00e1n a terceros, por ejemplo para fines publicitarios, sin su consentimiento expreso.<\/p><p>El fundamento para el tratamiento es el art\u00edculo 6, apartado 1, letra b), RGPD, el cual autoriza el tratamiento de los datos para el cumplimiento de un contrato o para medidas precontractuales.<\/p><p>Web Fonts de Google<\/p><p>Con el fin de presentar una tipograf\u00eda uniforme, esta p\u00e1gina usa las llamadas Web Fonts, que proporciona Google. Al abrir una p\u00e1gina, su navegador carga en la memoria cach\u00e9 de su navegador las fuentes necesarias para mostrar correctamente los textos y las tipograf\u00edas.<\/p><p>Para ello, el navegador que utilice tiene que conectarse con los servidores de Google. De este modo, Google tiene conocimiento de que nuestra p\u00e1gina web se ha abierto a trav\u00e9s de su direcci\u00f3n IP. Estas Web Fonts de Google se usan para presentar nuestras ofertas online de manera uniforme y atractiva. Esto constituye un inter\u00e9s leg\u00edtimo a los efectos del art\u00edculo 6, apartado 1, letra f), RGPD.<\/p><p>Si su navegador no permite el uso de Web Fonts, su ordenador utilizar\u00e1 un tipo de letra est\u00e1ndar.<\/p><p><span lang=\"ES-TRAD\" xml:lang=\"ES-TRAD\">Encontrar\u00e1 m\u00e1s informaci\u00f3n sobre las Web Fonts de Google en <\/span><a href=\"https:\/\/developers.google.com\/fonts\/faq\" target=\"_blank\" rel=\"noopener\">https:\/\/developers.google.com\/fonts\/faq<\/a> <span lang=\"ES-TRAD\" xml:lang=\"ES-TRAD\">y en la declaraci\u00f3n de privacidad de Google:<\/span> <a href=\"https:\/\/www.google.com\/policies\/privacy\/\" target=\"_blank\" rel=\"noopener\">https:\/\/www.google.com\/policies\/privacy\/<\/a>.<\/p><p>Versi\u00f3n: 05.2018<\/p>\t\t\t\t\t\t<\/div>\n\t\t\t\t<\/div>\n\t\t\t\t\t<\/div>\n\t\t<\/div>\n\t\t\t\t\t<\/div>\n\t\t<\/section>\n\t\t\t\t<section class=\"elementor-section elementor-top-section elementor-element elementor-element-5da8ce3 elementor-section-boxed elementor-section-height-default elementor-section-height-default\" data-id=\"5da8ce3\" data-element_type=\"section\">\n\t\t\t\t\t\t<div class=\"elementor-container elementor-column-gap-default\">\n\t\t\t\t\t<div class=\"elementor-column elementor-col-100 elementor-top-column elementor-element elementor-element-4e9324f\" data-id=\"4e9324f\" data-element_type=\"column\">\n\t\t\t<div class=\"elementor-widget-wrap\">\n\t\t\t\t\t\t\t<\/div>\n\t\t<\/div>\n\t\t\t\t\t<\/div>\n\t\t<\/section>\n\t\t\t\t<\/div>\n\t\t","protected":false},"excerpt":{"rendered":"<p>Discreci\u00f3n Declaraci\u00f3n de privacidad 1. Informaci\u00f3n general sobre la protecci\u00f3n de datos Observaciones generales Las siguientes observaciones ofrecen informaci\u00f3n general sobre qu\u00e9 pasa con sus datos personales cuando visita nuestro sitio web. Se consideran datos personales todos aquellos datos con los que se le pueda identificar a usted personalmente. Encontrar\u00e1 una amplia informaci\u00f3n sobre el [&hellip;]<\/p>\n","protected":false},"author":2,"featured_media":0,"parent":0,"menu_order":0,"comment_status":"closed","ping_status":"closed","template":"elementor_header_footer","meta":{"om_disable_all_campaigns":false,"jetpack_post_was_ever_published":false,"footnotes":""},"class_list":["post-9311","page","type-page","status-publish","hentry","entry"],"aioseo_notices":[],"jetpack_sharing_enabled":true,"_links":{"self":[{"href":"https:\/\/www.a-z-translations.com\/es\/wp-json\/wp\/v2\/pages\/9311"}],"collection":[{"href":"https:\/\/www.a-z-translations.com\/es\/wp-json\/wp\/v2\/pages"}],"about":[{"href":"https:\/\/www.a-z-translations.com\/es\/wp-json\/wp\/v2\/types\/page"}],"author":[{"embeddable":true,"href":"https:\/\/www.a-z-translations.com\/es\/wp-json\/wp\/v2\/users\/2"}],"replies":[{"embeddable":true,"href":"https:\/\/www.a-z-translations.com\/es\/wp-json\/wp\/v2\/comments?post=9311"}],"version-history":[{"count":7,"href":"https:\/\/www.a-z-translations.com\/es\/wp-json\/wp\/v2\/pages\/9311\/revisions"}],"predecessor-version":[{"id":15905,"href":"https:\/\/www.a-z-translations.com\/es\/wp-json\/wp\/v2\/pages\/9311\/revisions\/15905"}],"wp:attachment":[{"href":"https:\/\/www.a-z-translations.com\/es\/wp-json\/wp\/v2\/media?parent=9311"}],"curies":[{"name":"wp","href":"https:\/\/api.w.org\/{rel}","templated":true}]}}