{"id":9301,"date":"2019-12-22T15:01:45","date_gmt":"2019-12-22T15:01:45","guid":{"rendered":"https:\/\/webweiden.de\/?page_id=9301"},"modified":"2021-02-11T21:04:03","modified_gmt":"2021-02-11T20:04:03","slug":"home","status":"publish","type":"page","link":"https:\/\/www.a-z-translations.com\/es\/","title":{"rendered":"Home"},"content":{"rendered":"\t\t<div data-elementor-type=\"wp-page\" data-elementor-id=\"9301\" class=\"elementor elementor-9301\" data-elementor-post-type=\"page\">\n\t\t\t\t\t\t<section class=\"elementor-section elementor-top-section elementor-element elementor-element-e01d715 elementor-section-boxed elementor-section-height-default elementor-section-height-default\" data-id=\"e01d715\" data-element_type=\"section\">\n\t\t\t\t\t\t<div class=\"elementor-container elementor-column-gap-default\">\n\t\t\t\t\t<div class=\"elementor-column elementor-col-100 elementor-top-column elementor-element elementor-element-b4fb878\" data-id=\"b4fb878\" data-element_type=\"column\">\n\t\t\t<div class=\"elementor-widget-wrap\">\n\t\t\t\t\t\t\t<\/div>\n\t\t<\/div>\n\t\t\t\t\t<\/div>\n\t\t<\/section>\n\t\t\t\t<section class=\"elementor-section elementor-top-section elementor-element elementor-element-9b45576 elementor-section-boxed elementor-section-height-default elementor-section-height-default\" data-id=\"9b45576\" data-element_type=\"section\">\n\t\t\t\t\t\t<div class=\"elementor-container elementor-column-gap-default\">\n\t\t\t\t\t<div class=\"elementor-column elementor-col-100 elementor-top-column elementor-element elementor-element-ef56303\" data-id=\"ef56303\" data-element_type=\"column\">\n\t\t\t<div class=\"elementor-widget-wrap elementor-element-populated\">\n\t\t\t\t\t\t<div class=\"elementor-element elementor-element-9ee4d10 elementor-widget-divider--view-line elementor-widget elementor-widget-divider\" data-id=\"9ee4d10\" data-element_type=\"widget\" data-widget_type=\"divider.default\">\n\t\t\t\t<div class=\"elementor-widget-container\">\n\t\t\t\t\t<div class=\"elementor-divider\">\n\t\t\t<span class=\"elementor-divider-separator\">\n\t\t\t\t\t\t<\/span>\n\t\t<\/div>\n\t\t\t\t<\/div>\n\t\t\t\t<\/div>\n\t\t\t\t<div class=\"elementor-element elementor-element-87ee6df elementor-widget elementor-widget-image\" data-id=\"87ee6df\" data-element_type=\"widget\" data-widget_type=\"image.default\">\n\t\t\t\t<div class=\"elementor-widget-container\">\n\t\t\t\t\t\t\t\t\t\t\t\t\t<img decoding=\"async\" width=\"324\" height=\"147\" src=\"https:\/\/www.a-z-translations.com\/wp-content\/uploads\/2019\/12\/az_logo-r.png\" class=\"attachment-large size-large wp-image-8942\" alt=\"\" srcset=\"https:\/\/www.a-z-translations.com\/wp-content\/uploads\/2019\/12\/az_logo-r.png 324w, https:\/\/www.a-z-translations.com\/wp-content\/uploads\/2019\/12\/az_logo-r-300x136.png 300w\" sizes=\"(max-width: 324px) 100vw, 324px\" \/>\t\t\t\t\t\t\t\t\t\t\t\t\t<\/div>\n\t\t\t\t<\/div>\n\t\t\t\t<div class=\"elementor-element elementor-element-2ab93ac elementor-widget elementor-widget-heading\" data-id=\"2ab93ac\" data-element_type=\"widget\" data-widget_type=\"heading.default\">\n\t\t\t\t<div class=\"elementor-widget-container\">\n\t\t\t<h2 class=\"elementor-heading-title elementor-size-default\">\u00bfBarrera del idioma? Me ocupar\u00e9 de ello.<\/h2>\t\t<\/div>\n\t\t\t\t<\/div>\n\t\t\t\t<div class=\"elementor-element elementor-element-758adee elementor-widget elementor-widget-text-editor\" data-id=\"758adee\" data-element_type=\"widget\" data-widget_type=\"text-editor.default\">\n\t\t\t\t<div class=\"elementor-widget-container\">\n\t\t\t\t\t\t\t<p>Escrito o verbal, cuando se trata de hacer llegar su mensaje, usted ha llegado al lugar correcto<\/p>\t\t\t\t\t\t<\/div>\n\t\t\t\t<\/div>\n\t\t\t\t\t<\/div>\n\t\t<\/div>\n\t\t\t\t\t<\/div>\n\t\t<\/section>\n\t\t\t\t<section class=\"elementor-section elementor-top-section elementor-element elementor-element-ddc3138 elementor-section-boxed elementor-section-height-default elementor-section-height-default\" data-id=\"ddc3138\" data-element_type=\"section\">\n\t\t\t\t\t\t<div class=\"elementor-container elementor-column-gap-default\">\n\t\t\t\t\t<div class=\"elementor-column elementor-col-50 elementor-top-column elementor-element elementor-element-eb83dfd\" data-id=\"eb83dfd\" data-element_type=\"column\">\n\t\t\t<div class=\"elementor-widget-wrap elementor-element-populated\">\n\t\t\t\t\t\t<div class=\"elementor-element elementor-element-a8c4d75 elementor-widget elementor-widget-image\" data-id=\"a8c4d75\" data-element_type=\"widget\" data-widget_type=\"image.default\">\n\t\t\t\t<div class=\"elementor-widget-container\">\n\t\t\t\t\t\t\t\t\t\t\t\t\t<img fetchpriority=\"high\" decoding=\"async\" width=\"400\" height=\"267\" src=\"https:\/\/www.a-z-translations.com\/wp-content\/uploads\/2019\/12\/uebersetzungen.jpg\" class=\"attachment-large size-large wp-image-7999\" alt=\"\u00dcbersetzungen\" srcset=\"https:\/\/www.a-z-translations.com\/wp-content\/uploads\/2019\/12\/uebersetzungen.jpg 400w, https:\/\/www.a-z-translations.com\/wp-content\/uploads\/2019\/12\/uebersetzungen-300x200.jpg 300w\" sizes=\"(max-width: 400px) 100vw, 400px\" \/>\t\t\t\t\t\t\t\t\t\t\t\t\t<\/div>\n\t\t\t\t<\/div>\n\t\t\t\t\t<\/div>\n\t\t<\/div>\n\t\t\t\t<div class=\"elementor-column elementor-col-50 elementor-top-column elementor-element elementor-element-dd4acf0\" data-id=\"dd4acf0\" data-element_type=\"column\">\n\t\t\t<div class=\"elementor-widget-wrap elementor-element-populated\">\n\t\t\t\t\t\t<div class=\"elementor-element elementor-element-a7d4bdc elementor-view-default elementor-position-top elementor-mobile-position-top elementor-widget elementor-widget-icon-box\" data-id=\"a7d4bdc\" data-element_type=\"widget\" data-widget_type=\"icon-box.default\">\n\t\t\t\t<div class=\"elementor-widget-container\">\n\t\t\t\t\t<div class=\"elementor-icon-box-wrapper\">\n\n\t\t\t\t\t\t<div class=\"elementor-icon-box-icon\">\n\t\t\t\t<a href=\"https:\/\/www.a-z-translations.com\/es\/servicios\/traducciones\/\" class=\"elementor-icon elementor-animation-\" tabindex=\"-1\">\n\t\t\t\t<i aria-hidden=\"true\" class=\"far fa-edit\"><\/i>\t\t\t\t<\/a>\n\t\t\t<\/div>\n\t\t\t\n\t\t\t\t\t\t<div class=\"elementor-icon-box-content\">\n\n\t\t\t\t\t\t\t\t\t<h3 class=\"elementor-icon-box-title\">\n\t\t\t\t\t\t<a href=\"https:\/\/www.a-z-translations.com\/es\/servicios\/traducciones\/\" >\n\t\t\t\t\t\t\tTraducciones\t\t\t\t\t\t<\/a>\n\t\t\t\t\t<\/h3>\n\t\t\t\t\n\t\t\t\t\t\t\t\t\t<p class=\"elementor-icon-box-description\">\n\t\t\t\t\t\tOfrezco traducciones profesionales, de alta calidad y en corto plazo en <b>alem\u00e1n, ingl\u00e9s y espa\u00f1ol<\/b>, con certificaci\u00f3n opcional. Puede encontrar m\u00e1s informaci\u00f3n en Servicios -&gt; Traducciones. \nPor supuesto acepto tambi\u00e9n trabajos fuera de mi \u00e1rea de especializaci\u00f3n \u2013 \u00a1simplemente preg\u00fanteme!\t\t\t\t\t<\/p>\n\t\t\t\t\n\t\t\t<\/div>\n\t\t\t\n\t\t<\/div>\n\t\t\t\t<\/div>\n\t\t\t\t<\/div>\n\t\t\t\t\t<\/div>\n\t\t<\/div>\n\t\t\t\t\t<\/div>\n\t\t<\/section>\n\t\t\t\t<section class=\"elementor-section elementor-top-section elementor-element elementor-element-86d2081 elementor-section-boxed elementor-section-height-default elementor-section-height-default\" data-id=\"86d2081\" data-element_type=\"section\">\n\t\t\t\t\t\t<div class=\"elementor-container elementor-column-gap-default\">\n\t\t\t\t\t<div class=\"elementor-column elementor-col-50 elementor-top-column elementor-element elementor-element-628d4d7\" data-id=\"628d4d7\" data-element_type=\"column\">\n\t\t\t<div class=\"elementor-widget-wrap elementor-element-populated\">\n\t\t\t\t\t\t<div class=\"elementor-element elementor-element-3a21a4b elementor-view-default elementor-position-top elementor-mobile-position-top elementor-widget elementor-widget-icon-box\" data-id=\"3a21a4b\" data-element_type=\"widget\" data-widget_type=\"icon-box.default\">\n\t\t\t\t<div class=\"elementor-widget-container\">\n\t\t\t\t\t<div class=\"elementor-icon-box-wrapper\">\n\n\t\t\t\t\t\t<div class=\"elementor-icon-box-icon\">\n\t\t\t\t<a href=\"https:\/\/www.a-z-translations.com\/es\/servicios\/servicios-de-interpretacion\/\" class=\"elementor-icon elementor-animation-\" tabindex=\"-1\">\n\t\t\t\t<i aria-hidden=\"true\" class=\"fas fa-globe\"><\/i>\t\t\t\t<\/a>\n\t\t\t<\/div>\n\t\t\t\n\t\t\t\t\t\t<div class=\"elementor-icon-box-content\">\n\n\t\t\t\t\t\t\t\t\t<h3 class=\"elementor-icon-box-title\">\n\t\t\t\t\t\t<a href=\"https:\/\/www.a-z-translations.com\/es\/servicios\/servicios-de-interpretacion\/\" >\n\t\t\t\t\t\t\tInterpretaci\u00f3n\t\t\t\t\t\t<\/a>\n\t\t\t\t\t<\/h3>\n\t\t\t\t\n\t\t\t\t\t\t\t\t\t<p class=\"elementor-icon-box-description\">\n\t\t\t\t\t\tComo int\u00e9rprete certificada por el Estado alem\u00e1n e int\u00e9rprete de conferencias VKD-Junior ofrezco servicios de interpretaci\u00f3n tanto consecutiva como simult\u00e1nea. Mi especialidad son las combinaciones <b>alem\u00e1n - ingl\u00e9s e ingl\u00e9s - alem\u00e1n<\/b>. \nEstoy a su disposici\u00f3n en toda la regi\u00f3n metropolitana de Nuremberg, pero por supuesto tambi\u00e9n m\u00e1s all\u00e1.\nPara obtener m\u00e1s informaci\u00f3n vea Servicios -&gt; Servicios de interpretaci\u00f3n.\t\t\t\t\t<\/p>\n\t\t\t\t\n\t\t\t<\/div>\n\t\t\t\n\t\t<\/div>\n\t\t\t\t<\/div>\n\t\t\t\t<\/div>\n\t\t\t\t\t<\/div>\n\t\t<\/div>\n\t\t\t\t<div class=\"elementor-column elementor-col-50 elementor-top-column elementor-element elementor-element-1510808\" data-id=\"1510808\" data-element_type=\"column\">\n\t\t\t<div class=\"elementor-widget-wrap elementor-element-populated\">\n\t\t\t\t\t\t<div class=\"elementor-element elementor-element-5207ff7 elementor-widget elementor-widget-image\" data-id=\"5207ff7\" data-element_type=\"widget\" data-widget_type=\"image.default\">\n\t\t\t\t<div class=\"elementor-widget-container\">\n\t\t\t\t\t\t\t\t\t\t\t\t\t<img decoding=\"async\" src=\"https:\/\/www.a-z-translations.com\/wp-content\/uploads\/elementor\/thumbs\/DSC2945-neu-1-p2h5tghcy3627khvbrfhgj3kq1h0ipr377d12j01pc.jpg\" title=\"DSC2945-neu\" alt=\"Anke Betz A-Z Translations\" loading=\"lazy\" \/>\t\t\t\t\t\t\t\t\t\t\t\t\t<\/div>\n\t\t\t\t<\/div>\n\t\t\t\t\t<\/div>\n\t\t<\/div>\n\t\t\t\t\t<\/div>\n\t\t<\/section>\n\t\t\t\t<section class=\"elementor-section elementor-top-section elementor-element elementor-element-8fb895f elementor-section-boxed elementor-section-height-default elementor-section-height-default\" data-id=\"8fb895f\" data-element_type=\"section\">\n\t\t\t\t\t\t<div class=\"elementor-container elementor-column-gap-default\">\n\t\t\t\t\t<div class=\"elementor-column elementor-col-50 elementor-top-column elementor-element elementor-element-49962ec\" data-id=\"49962ec\" data-element_type=\"column\">\n\t\t\t<div class=\"elementor-widget-wrap elementor-element-populated\">\n\t\t\t\t\t\t<div class=\"elementor-element elementor-element-c4b54fd elementor-widget elementor-widget-image\" data-id=\"c4b54fd\" data-element_type=\"widget\" data-widget_type=\"image.default\">\n\t\t\t\t<div class=\"elementor-widget-container\">\n\t\t\t\t\t\t\t\t\t\t\t\t\t<img decoding=\"async\" width=\"400\" height=\"267\" src=\"https:\/\/www.a-z-translations.com\/wp-content\/uploads\/2019\/12\/Lektorat.jpg\" class=\"attachment-large size-large wp-image-8001\" alt=\"Lektorat\" srcset=\"https:\/\/www.a-z-translations.com\/wp-content\/uploads\/2019\/12\/Lektorat.jpg 400w, https:\/\/www.a-z-translations.com\/wp-content\/uploads\/2019\/12\/Lektorat-300x200.jpg 300w\" sizes=\"(max-width: 400px) 100vw, 400px\" \/>\t\t\t\t\t\t\t\t\t\t\t\t\t<\/div>\n\t\t\t\t<\/div>\n\t\t\t\t\t<\/div>\n\t\t<\/div>\n\t\t\t\t<div class=\"elementor-column elementor-col-50 elementor-top-column elementor-element elementor-element-0da4eec\" data-id=\"0da4eec\" data-element_type=\"column\">\n\t\t\t<div class=\"elementor-widget-wrap elementor-element-populated\">\n\t\t\t\t\t\t<div class=\"elementor-element elementor-element-7f55151 elementor-view-default elementor-position-top elementor-mobile-position-top elementor-widget elementor-widget-icon-box\" data-id=\"7f55151\" data-element_type=\"widget\" data-widget_type=\"icon-box.default\">\n\t\t\t\t<div class=\"elementor-widget-container\">\n\t\t\t\t\t<div class=\"elementor-icon-box-wrapper\">\n\n\t\t\t\t\t\t<div class=\"elementor-icon-box-icon\">\n\t\t\t\t<a href=\"https:\/\/www.a-z-translations.com\/es\/servicios\/revision\/\" class=\"elementor-icon elementor-animation-\" tabindex=\"-1\">\n\t\t\t\t<i aria-hidden=\"true\" class=\"fas fa-search\"><\/i>\t\t\t\t<\/a>\n\t\t\t<\/div>\n\t\t\t\n\t\t\t\t\t\t<div class=\"elementor-icon-box-content\">\n\n\t\t\t\t\t\t\t\t\t<h3 class=\"elementor-icon-box-title\">\n\t\t\t\t\t\t<a href=\"https:\/\/www.a-z-translations.com\/es\/servicios\/revision\/\" >\n\t\t\t\t\t\t\tRevisi\u00f3n\t\t\t\t\t\t<\/a>\n\t\t\t\t\t<\/h3>\n\t\t\t\t\n\t\t\t\t\t\t\t\t\t<p class=\"elementor-icon-box-description\">\n\t\t\t\t\t\tUn aspecto importante de una buena traducci\u00f3n es la revisi\u00f3n: una vez finalizada la traducci\u00f3n \u00e9sta es revisada y corregida por un hablante nativo. Me pongo a su disposici\u00f3n como revisora de textos tanto traducidos como originales en alem\u00e1n e ingl\u00e9s.\nEn Servicios -> Revisi\u00f3n encontrar\u00e1 informaci\u00f3n detallada al respecto.\t\t\t\t\t<\/p>\n\t\t\t\t\n\t\t\t<\/div>\n\t\t\t\n\t\t<\/div>\n\t\t\t\t<\/div>\n\t\t\t\t<\/div>\n\t\t\t\t\t<\/div>\n\t\t<\/div>\n\t\t\t\t\t<\/div>\n\t\t<\/section>\n\t\t\t\t<section class=\"elementor-section elementor-top-section elementor-element elementor-element-ee26e31 elementor-section-boxed elementor-section-height-default elementor-section-height-default\" data-id=\"ee26e31\" data-element_type=\"section\">\n\t\t\t\t\t\t<div class=\"elementor-container elementor-column-gap-default\">\n\t\t\t\t\t<div class=\"elementor-column elementor-col-50 elementor-top-column elementor-element elementor-element-ca43c2f\" data-id=\"ca43c2f\" data-element_type=\"column\">\n\t\t\t<div class=\"elementor-widget-wrap elementor-element-populated\">\n\t\t\t\t\t\t<div class=\"elementor-element elementor-element-aadfebe elementor-view-default elementor-position-top elementor-mobile-position-top elementor-widget elementor-widget-icon-box\" data-id=\"aadfebe\" data-element_type=\"widget\" data-widget_type=\"icon-box.default\">\n\t\t\t\t<div class=\"elementor-widget-container\">\n\t\t\t\t\t<div class=\"elementor-icon-box-wrapper\">\n\n\t\t\t\t\t\t<div class=\"elementor-icon-box-icon\">\n\t\t\t\t<a href=\"https:\/\/www.a-z-translations.com\/es\/precios\/como-elegir\/\" class=\"elementor-icon elementor-animation-\" tabindex=\"-1\">\n\t\t\t\t<i aria-hidden=\"true\" class=\"fas fa-music\"><\/i>\t\t\t\t<\/a>\n\t\t\t<\/div>\n\t\t\t\n\t\t\t\t\t\t<div class=\"elementor-icon-box-content\">\n\n\t\t\t\t\t\t\t\t\t<h3 class=\"elementor-icon-box-title\">\n\t\t\t\t\t\t<a href=\"https:\/\/www.a-z-translations.com\/es\/precios\/como-elegir\/\" >\n\t\t\t\t\t\t\tC\u00f3mo elegir\t\t\t\t\t\t<\/a>\n\t\t\t\t\t<\/h3>\n\t\t\t\t\n\t\t\t\t\t\t\t\t\t<p class=\"elementor-icon-box-description\">\n\t\t\t\t\t\tPara quien no tiene mucha experiencia con idiomas extranjeros, la b\u00fasqueda de prestadores de servicios de traducci\u00f3n adecuados puede resultar frustrante. Para que a usted no le pase lo mismo le ofrezco un asesor de compras. Se puede enonctrarlo en Precios -> C\u00f3mo elegir.\t\t\t\t\t<\/p>\n\t\t\t\t\n\t\t\t<\/div>\n\t\t\t\n\t\t<\/div>\n\t\t\t\t<\/div>\n\t\t\t\t<\/div>\n\t\t\t\t\t<\/div>\n\t\t<\/div>\n\t\t\t\t<div class=\"elementor-column elementor-col-50 elementor-top-column elementor-element elementor-element-f750575\" data-id=\"f750575\" data-element_type=\"column\">\n\t\t\t<div class=\"elementor-widget-wrap elementor-element-populated\">\n\t\t\t\t\t\t<div class=\"elementor-element elementor-element-4f2679e elementor-widget elementor-widget-image\" data-id=\"4f2679e\" data-element_type=\"widget\" data-widget_type=\"image.default\">\n\t\t\t\t<div class=\"elementor-widget-container\">\n\t\t\t\t\t\t\t\t\t\t\t\t\t<img decoding=\"async\" src=\"https:\/\/www.a-z-translations.com\/wp-content\/uploads\/elementor\/thumbs\/money-under-the-mouse-1-1239135-scaled-p2h5usf72ciuhwuudfuf4j6rxtzdx4jacxbmrkehtk.jpg\" title=\"money-under-the-mouse-1-1239135\" alt=\"Photo by Pierre Amerlynck from FreeImages\" loading=\"lazy\" \/>\t\t\t\t\t\t\t\t\t\t\t\t\t<\/div>\n\t\t\t\t<\/div>\n\t\t\t\t\t<\/div>\n\t\t<\/div>\n\t\t\t\t\t<\/div>\n\t\t<\/section>\n\t\t\t\t<section class=\"elementor-section elementor-top-section elementor-element elementor-element-32cee08 elementor-section-boxed elementor-section-height-default elementor-section-height-default\" data-id=\"32cee08\" data-element_type=\"section\">\n\t\t\t\t\t\t<div class=\"elementor-container elementor-column-gap-default\">\n\t\t\t\t\t<div class=\"elementor-column elementor-col-100 elementor-top-column elementor-element elementor-element-e7ede25\" data-id=\"e7ede25\" data-element_type=\"column\">\n\t\t\t<div class=\"elementor-widget-wrap\">\n\t\t\t\t\t\t\t<\/div>\n\t\t<\/div>\n\t\t\t\t\t<\/div>\n\t\t<\/section>\n\t\t\t\t<\/div>\n\t\t","protected":false},"excerpt":{"rendered":"<p>\u00bfBarrera del idioma? Me ocupar\u00e9 de ello. Escrito o verbal, cuando se trata de hacer llegar su mensaje, usted ha llegado al lugar correcto Traducciones Ofrezco traducciones profesionales, de alta calidad y en corto plazo en alem\u00e1n, ingl\u00e9s y espa\u00f1ol, con certificaci\u00f3n opcional. Puede encontrar m\u00e1s informaci\u00f3n en Servicios -&gt; Traducciones. Por supuesto acepto tambi\u00e9n [&hellip;]<\/p>\n","protected":false},"author":2,"featured_media":0,"parent":0,"menu_order":0,"comment_status":"closed","ping_status":"closed","template":"elementor_header_footer","meta":{"om_disable_all_campaigns":false,"jetpack_post_was_ever_published":false,"footnotes":""},"class_list":["post-9301","page","type-page","status-publish","hentry","entry"],"aioseo_notices":[],"jetpack_sharing_enabled":true,"_links":{"self":[{"href":"https:\/\/www.a-z-translations.com\/es\/wp-json\/wp\/v2\/pages\/9301"}],"collection":[{"href":"https:\/\/www.a-z-translations.com\/es\/wp-json\/wp\/v2\/pages"}],"about":[{"href":"https:\/\/www.a-z-translations.com\/es\/wp-json\/wp\/v2\/types\/page"}],"author":[{"embeddable":true,"href":"https:\/\/www.a-z-translations.com\/es\/wp-json\/wp\/v2\/users\/2"}],"replies":[{"embeddable":true,"href":"https:\/\/www.a-z-translations.com\/es\/wp-json\/wp\/v2\/comments?post=9301"}],"version-history":[{"count":10,"href":"https:\/\/www.a-z-translations.com\/es\/wp-json\/wp\/v2\/pages\/9301\/revisions"}],"predecessor-version":[{"id":13824,"href":"https:\/\/www.a-z-translations.com\/es\/wp-json\/wp\/v2\/pages\/9301\/revisions\/13824"}],"wp:attachment":[{"href":"https:\/\/www.a-z-translations.com\/es\/wp-json\/wp\/v2\/media?parent=9301"}],"curies":[{"name":"wp","href":"https:\/\/api.w.org\/{rel}","templated":true}]}}